{"id":340,"date":"2025-12-05T19:46:13","date_gmt":"2025-12-05T19:46:13","guid":{"rendered":"https:\/\/dem-projects.fh-joanneum.at\/dem1\/?page_id=340"},"modified":"2025-12-21T15:32:23","modified_gmt":"2025-12-21T15:32:23","slug":"wie-funktioniert-letzter-klick","status":"publish","type":"page","link":"https:\/\/dem-projects.fh-joanneum.at\/dem1\/wie-funktioniert-letzter-klick\/","title":{"rendered":"Wie funktioniert Letzter Klick?"},"content":{"rendered":"\n<div class=\"wp-block-group lk-section lk-flow-hero has-global-padding is-layout-constrained wp-block-group-is-layout-constrained\">\n<p class=\"lk-eyebrow\">Funktionsweise<\/p>\n\n\n\n<h2 class=\"wp-block-heading lk-flow-hero__title\">Wie funktioniert Letzter Klick?<\/h2>\n\n\n\n<p class=\"lk-flow-hero__lead\">Ihre digitale Vorsorge \u2013 klar, einfach und Schritt f\u00fcr Schritt erkl\u00e4rt.<\/p>\n\n\n\n<div class=\"wp-block-columns lk-two-col lk-flow-hero-row is-layout-flex wp-container-core-columns-is-layout-28f84493 wp-block-columns-is-layout-flex\">\n<div class=\"wp-block-column lk-flow-hero-media lk-step-card is-layout-flow wp-block-column-is-layout-flow\">\n<p class=\"lk-flow-hero__eyebrow\">Sicher, Einfach, Menschlich<\/p>\n\n\n\n<p class=\"has-medium-font-size\">Letzter Klick begleitet Sie durch einen strukturierten Prozess: Sie erfassen Ihre digitalen Konten, definieren pers\u00f6nliche W\u00fcnsche, bestimmen Vertrauenspersonen und sichern alles verschl\u00fcsselt. So bleibt Ihr digitaler Nachlass im Ernstfall eindeutig geregelt.<\/p>\n<\/div>\n\n\n\n<div class=\"wp-block-column lk-flow-hero-media is-layout-flow wp-block-column-is-layout-flow\">\n<figure class=\"wp-block-image aligncenter size-large is-resized\"><img loading=\"lazy\" decoding=\"async\" width=\"1536\" height=\"864\" src=\"https:\/\/dem-projects.fh-joanneum.at\/dem1\/wp-content\/uploads\/2025\/12\/ChatGPT-Image-11.-Nov.-2025-17_07_15-edited-1.png\" alt=\"Das Bild zeigt mehrere Symbole (Herz, Schloss, Datei, Unendlichkeitszeichen, Kommentar), die darstellen, was Letzter Klick alles macht.\" class=\"wp-image-343\" style=\"object-fit:cover;width:640px;height:200px\" srcset=\"https:\/\/dem-projects.fh-joanneum.at\/dem1\/wp-content\/uploads\/2025\/12\/ChatGPT-Image-11.-Nov.-2025-17_07_15-edited-1.png 1536w, https:\/\/dem-projects.fh-joanneum.at\/dem1\/wp-content\/uploads\/2025\/12\/ChatGPT-Image-11.-Nov.-2025-17_07_15-edited-1-300x169.png 300w, https:\/\/dem-projects.fh-joanneum.at\/dem1\/wp-content\/uploads\/2025\/12\/ChatGPT-Image-11.-Nov.-2025-17_07_15-edited-1-1024x576.png 1024w, https:\/\/dem-projects.fh-joanneum.at\/dem1\/wp-content\/uploads\/2025\/12\/ChatGPT-Image-11.-Nov.-2025-17_07_15-edited-1-768x432.png 768w\" sizes=\"auto, (max-width: 1536px) 100vw, 1536px\" \/><\/figure>\n<\/div>\n<\/div>\n<\/div>\n\n\n\n<div class=\"wp-block-group lk-flow-steps-intro has-global-padding is-layout-constrained wp-block-group-is-layout-constrained\">\n<h2 class=\"wp-block-heading lk-flow-steps-intro__title\">Warum der Prozess wichtig ist<\/h2>\n\n\n\n<p class=\"lk-flow-steps-intro__lead\">Damit Ihre Daten im Ernstfall nicht verloren gehen oder zur Belastung werden, f\u00fchrt Letzter Klick Sie in f\u00fcnf klaren Schritten durch alles, was wichtig ist. Jeder Schritt ist verst\u00e4ndlich aufgebaut und in wenigen Minuten erledigt.<\/p>\n\n\n\n<div class=\"wp-block-group lk-flow-steps-strip is-layout-grid wp-container-core-group-is-layout-478b6e6b wp-block-group-is-layout-grid\">\n<div class=\"wp-block-group lk-flow-steps-strip-item has-global-padding is-layout-constrained wp-block-group-is-layout-constrained\">\n<p class=\"lk-flow-steps-strip__step\">Schritt 1<\/p>\n\n\n\n<p class=\"lk-flow-steps-strip__label\">Konten erfassen<\/p>\n<\/div>\n\n\n\n<div class=\"wp-block-group lk-flow-steps-strip-item has-global-padding is-layout-constrained wp-block-group-is-layout-constrained\">\n<p class=\"lk-flow-steps-strip__step\">Schritt 1<\/p>\n\n\n\n<p class=\"lk-flow-steps-strip__label\">W\u00fcnsche definieren<\/p>\n<\/div>\n\n\n\n<div class=\"wp-block-group lk-flow-steps-strip-item has-global-padding is-layout-constrained wp-block-group-is-layout-constrained\">\n<p class=\"lk-flow-steps-strip__step\">Schritt 1<\/p>\n\n\n\n<p class=\"lk-flow-steps-strip__label\">Kontaktperson festlegen<\/p>\n<\/div>\n\n\n\n<div class=\"wp-block-group lk-flow-steps-strip-item has-global-padding is-layout-constrained wp-block-group-is-layout-constrained\">\n<p class=\"lk-flow-steps-strip__step\">Schritt 1<\/p>\n\n\n\n<p class=\"lk-flow-steps-strip__label\">Daten sicher speichern<\/p>\n<\/div>\n\n\n\n<div class=\"wp-block-group lk-flow-steps-strip-item has-global-padding is-layout-constrained wp-block-group-is-layout-constrained\">\n<p class=\"lk-flow-steps-strip__step\">Schritt 1<\/p>\n\n\n\n<p class=\"lk-flow-steps-strip__label\">Zugang im Ernstfall<\/p>\n<\/div>\n<\/div>\n<\/div>\n\n\n\n<div class=\"wp-block-group lk-section has-global-padding is-layout-constrained wp-block-group-is-layout-constrained\">\n<h2 class=\"wp-block-heading has-text-align-center\">Digitale Vorsorge, die wirklich funktioniert<\/h2>\n\n\n\n<div class=\"wp-block-columns lk-flow-step-row is-layout-flex wp-container-core-columns-is-layout-28f84493 wp-block-columns-is-layout-flex\">\n<div class=\"wp-block-column lk-step-card lk-flow-step-card is-layout-flow wp-block-column-is-layout-flow\">\n<p class=\"lk-flow-step-label\">Konto Anlegen<\/p>\n\n\n\n<h3 class=\"wp-block-heading lk-flow-step-title\"><strong>Alle Ihre digitalen Zug\u00e4nge an einem sicheren Ort<\/strong><\/h3>\n\n\n\n<p class=\"lk-flow-step-text\">Sie tragen die Online-Konten ein, die f\u00fcr Sie relevant sind \u2013 z. B. E-Mail, soziale Medien, Streaming-Dienste, Cloud-Speicher oder Online-Banking.<\/p>\n<\/div>\n\n\n\n<div class=\"wp-block-column lk-flow-step-meta is-layout-flow wp-block-column-is-layout-flow\">\n<p class=\"lk-flow-step-label\"><strong>Warum dieser Schritt wichtig ist:<\/strong><\/p>\n\n\n\n<ul class=\"wp-block-list\">\n<li class=\"has-small-font-size\">Verhindert, dass Angeh\u00f6rige m\u00fchsam nach Konten suchen m\u00fcssen<\/li>\n\n\n\n<li class=\"has-small-font-size\">Alle Zug\u00e4nge sind im Ernstfall eindeutig aufgelistet<\/li>\n\n\n\n<li class=\"has-small-font-size\">Keine offenen Profile oder laufende Abos bleiben unentdeckt<\/li>\n<\/ul>\n<\/div>\n<\/div>\n\n\n\n<div class=\"wp-block-columns lk-flow-step-row is-layout-flex wp-container-core-columns-is-layout-28f84493 wp-block-columns-is-layout-flex\">\n<div class=\"wp-block-column lk-step-card lk-flow-step-card is-layout-flow wp-block-column-is-layout-flow\">\n<p class=\"lk-flow-step-label\">W\u00fcnsche definieren<\/p>\n\n\n\n<h3 class=\"wp-block-heading lk-flow-step-title\"><strong>Ihre Entscheidungen, klar dokumentiert<\/strong><\/h3>\n\n\n\n<p class=\"lk-flow-step-text\">Sie legen fest, was mit Ihren Konten geschehen soll \u2013 behalten, l\u00f6schen, \u00fcbertragen oder digital \u201ebewahren\u201c.<\/p>\n<\/div>\n\n\n\n<div class=\"wp-block-column lk-flow-step-meta is-layout-flow wp-block-column-is-layout-flow\">\n<p class=\"lk-flow-step-label\"><strong>Ihre Vorteile:<\/strong><\/p>\n\n\n\n<ul class=\"wp-block-list\">\n<li class=\"has-small-font-size\">Klare Anweisungen ersparen Angeh\u00f6rigen schwierige Entscheidungen<\/li>\n\n\n\n<li class=\"has-small-font-size\">Ihr digitaler Nachlass bleibt nach Ihren Vorstellungen geordnet<\/li>\n\n\n\n<li class=\"has-small-font-size\">Optional k\u00f6nnen Sie pers\u00f6nliche Nachrichten oder Hinweise hinterlegen<\/li>\n<\/ul>\n<\/div>\n<\/div>\n\n\n\n<div class=\"wp-block-columns lk-flow-step-row is-layout-flex wp-container-core-columns-is-layout-28f84493 wp-block-columns-is-layout-flex\">\n<div class=\"wp-block-column lk-step-card lk-flow-step-card is-layout-flow wp-block-column-is-layout-flow\">\n<p class=\"lk-flow-step-label\">Kontaktpersonen festlegen<\/p>\n\n\n\n<h3 class=\"wp-block-heading lk-flow-step-title\"><strong>Menschen bestimmen, die im Ernstfall handeln d\u00fcrfen<\/strong><\/h3>\n\n\n\n<p class=\"lk-flow-step-text\">Sie w\u00e4hlen eine oder mehrere Vertrauenspersonen aus, die Zugriff auf Ihre Anweisungen erhalten, wenn es notwendig wird.<\/p>\n<\/div>\n\n\n\n<div class=\"wp-block-column lk-flow-step-meta is-layout-flow wp-block-column-is-layout-flow\">\n<p class=\"lk-flow-step-label\"><strong>Darum ist dieser Schritt zentral:<\/strong><\/p>\n\n\n\n<ul class=\"wp-block-list\">\n<li class=\"has-small-font-size\">Ihre Daten bleiben gesch\u00fctzt, bis der Ernstfall eintritt<\/li>\n\n\n\n<li class=\"has-small-font-size\">Nur autorisierte Personen bekommen Zugriff<\/li>\n\n\n\n<li class=\"has-small-font-size\">Sie bestimmen, wer was sehen oder erledigen darf<\/li>\n<\/ul>\n<\/div>\n<\/div>\n\n\n\n<div class=\"wp-block-columns lk-flow-step-row is-layout-flex wp-container-core-columns-is-layout-28f84493 wp-block-columns-is-layout-flex\">\n<div class=\"wp-block-column lk-step-card lk-flow-step-card is-layout-flow wp-block-column-is-layout-flow\">\n<p class=\"lk-flow-step-label\">Daten verschl\u00fcsselt speichern<\/p>\n\n\n\n<h3 class=\"wp-block-heading lk-flow-step-title\"><strong>Ihre Informationen \u2013 maximal gesch\u00fctzt<\/strong><\/h3>\n\n\n\n<p class=\"lk-flow-step-text\">Alle Daten werden nach modernsten Sicherheitsstandards verschl\u00fcsselt und in Europa gehostet.<\/p>\n<\/div>\n\n\n\n<div class=\"wp-block-column lk-flow-step-meta is-layout-flow wp-block-column-is-layout-flow\">\n<p class=\"lk-flow-step-label\"><strong>Das bedeutet f\u00fcr Sie:<\/strong><\/p>\n\n\n\n<ul class=\"wp-block-list\">\n<li class=\"has-small-font-size\">Niemand hat Zugriff ohne Ihre explizite Freigabe<\/li>\n\n\n\n<li class=\"has-small-font-size\">Selbst wir als Plattform k\u00f6nnen Inhalte nicht einsehen<\/li>\n\n\n\n<li class=\"has-small-font-size\">Regelm\u00e4\u00dfige Sicherheits-Checks und Zero-Knowledge-Prinzip<\/li>\n<\/ul>\n<\/div>\n<\/div>\n\n\n\n<div class=\"wp-block-columns lk-flow-step-row is-layout-flex wp-container-core-columns-is-layout-28f84493 wp-block-columns-is-layout-flex\">\n<div class=\"wp-block-column lk-step-card lk-flow-step-card is-layout-flow wp-block-column-is-layout-flow\">\n<p class=\"lk-flow-step-label\">Zugang im Ernstfall<\/p>\n\n\n\n<h3 class=\"wp-block-heading lk-flow-step-title\"><strong>Einfacher Zugriff, wenn es darauf ankommt<\/strong><\/h3>\n\n\n\n<p class=\"lk-flow-step-text\">Im Ernstfall wird der Zugang durch die von Ihnen festgelegte Vertrauensperson aktiviert \u2013 gesch\u00fctzt durch ein mehrstufiges Freigabeverfahren.<\/p>\n<\/div>\n\n\n\n<div class=\"wp-block-column lk-flow-step-meta is-layout-flow wp-block-column-is-layout-flow\">\n<p class=\"lk-flow-step-label\"><strong>So l\u00e4uft es ab:<\/strong><\/p>\n\n\n\n<ul class=\"wp-block-list\">\n<li class=\"has-small-font-size\">Kontaktpersonen melden einen Ernstfall<\/li>\n\n\n\n<li class=\"has-small-font-size\">Das System pr\u00fcft Identit\u00e4t &amp; Berechtigung<\/li>\n\n\n\n<li class=\"has-small-font-size\">Ihre hinterlegten Anweisungen werden freigegeben<\/li>\n\n\n\n<li class=\"has-small-font-size\">Angeh\u00f6rige erhalten klare Schritte &amp; \u00dcbersicht<\/li>\n<\/ul>\n<\/div>\n<\/div>\n<\/div>\n\n\n\n\n\n<div class=\"wp-block-group lk-section lk-flow-cta has-global-padding is-layout-constrained wp-block-group-is-layout-constrained\">\n<h2 class=\"wp-block-heading lk-flow-cta__title\">Bereit, Klarheit zu schaffen?<\/h2>\n\n\n\n<p class=\"lk-flow-cta__lead\">Ihre digitale Vorsorge dauert nur wenige Minuten \u2013 der Nutzen h\u00e4lt ein Leben lang.<\/p>\n\n\n\n<div class=\"wp-block-buttons is-content-justification-center is-layout-flex wp-container-core-buttons-is-layout-a89b3969 wp-block-buttons-is-layout-flex\">\n<div class=\"wp-block-button lk-btn-primary\"><a class=\"wp-block-button__link has-background wp-element-button\" href=\"https:\/\/dem-projects.fh-joanneum.at\/dem1\/preise-pakete\/\" style=\"background-color:#3a8785\">Beginnen Sie jetzt<\/a><\/div>\n\n\n\n<div class=\"wp-block-button lk-btn-ghost\"><a class=\"wp-block-button__link has-background wp-element-button\" href=\"https:\/\/dem-projects.fh-joanneum.at\/dem1\/kontakt\/\" style=\"background-color:#083f48\">Fragen stellen<\/a><\/div>\n<\/div>\n<\/div>\n","protected":false},"excerpt":{"rendered":"<p>Funktionsweise Wie funktioniert Letzter Klick? Ihre digitale Vorsorge \u2013 klar, einfach und Schritt f\u00fcr Schritt erkl\u00e4rt. Sicher, Einfach, Menschlich Letzter Klick begleitet Sie durch einen strukturierten Prozess: Sie erfassen Ihre digitalen Konten, definieren pers\u00f6nliche W\u00fcnsche, bestimmen Vertrauenspersonen und sichern alles verschl\u00fcsselt. So bleibt Ihr digitaler Nachlass im Ernstfall eindeutig geregelt. Warum der Prozess wichtig ist [&hellip;]<\/p>\n","protected":false},"author":5,"featured_media":0,"parent":0,"menu_order":0,"comment_status":"closed","ping_status":"closed","template":"page-no-title","meta":{"footnotes":""},"class_list":["post-340","page","type-page","status-publish","hentry"],"_links":{"self":[{"href":"https:\/\/dem-projects.fh-joanneum.at\/dem1\/wp-json\/wp\/v2\/pages\/340","targetHints":{"allow":["GET"]}}],"collection":[{"href":"https:\/\/dem-projects.fh-joanneum.at\/dem1\/wp-json\/wp\/v2\/pages"}],"about":[{"href":"https:\/\/dem-projects.fh-joanneum.at\/dem1\/wp-json\/wp\/v2\/types\/page"}],"author":[{"embeddable":true,"href":"https:\/\/dem-projects.fh-joanneum.at\/dem1\/wp-json\/wp\/v2\/users\/5"}],"replies":[{"embeddable":true,"href":"https:\/\/dem-projects.fh-joanneum.at\/dem1\/wp-json\/wp\/v2\/comments?post=340"}],"version-history":[{"count":10,"href":"https:\/\/dem-projects.fh-joanneum.at\/dem1\/wp-json\/wp\/v2\/pages\/340\/revisions"}],"predecessor-version":[{"id":479,"href":"https:\/\/dem-projects.fh-joanneum.at\/dem1\/wp-json\/wp\/v2\/pages\/340\/revisions\/479"}],"wp:attachment":[{"href":"https:\/\/dem-projects.fh-joanneum.at\/dem1\/wp-json\/wp\/v2\/media?parent=340"}],"curies":[{"name":"wp","href":"https:\/\/api.w.org\/{rel}","templated":true}]}}