{"id":383,"date":"2025-12-08T18:47:51","date_gmt":"2025-12-08T18:47:51","guid":{"rendered":"https:\/\/dem-projects.fh-joanneum.at\/dem1\/?page_id=383"},"modified":"2025-12-21T15:26:13","modified_gmt":"2025-12-21T15:26:13","slug":"checklisten-vorlagen-fur-angehorige","status":"publish","type":"page","link":"https:\/\/dem-projects.fh-joanneum.at\/dem1\/checklisten-vorlagen-fur-angehorige\/","title":{"rendered":"Checklisten &#038; Vorlagen f\u00fcr Angeh\u00f6rige"},"content":{"rendered":"\n<div class=\"wp-block-group lk-tools-hero has-global-padding is-layout-constrained wp-block-group-is-layout-constrained\">\n<p class=\"lk-eyebrow\">Checklisten &amp; Vorlagen<\/p>\n\n\n\n<h2 class=\"wp-block-heading lk-tools-hero__title\">Checklisten &amp; Vorlagen f\u00fcr Angeh\u00f6rige<\/h2>\n\n\n\n<p class=\"lk-tools-hero__lead\">Konkrete Unterst\u00fctzung, wenn Sie den digitalen Nachlass eines geliebten Menschen regeln m\u00fcssen \u2013 kostenlos und sofort nutzbar.<\/p>\n<\/div>\n\n\n\n<div class=\"wp-block-group lk-section lk-tools-overview has-global-padding is-layout-constrained wp-block-group-is-layout-constrained\">\n<h2 class=\"wp-block-heading has-text-align-center\">Womit Ihnen die Vorlagen helfen<\/h2>\n\n\n\n<p class=\"has-text-align-center lk-tools-hero__lead\">Die folgenden Checklisten und Mustertexte bringen Struktur in viele kleine Aufgaben. So sehen Sie auf einen Blick, welche digitalen <br>Bereiche betroffen sind \u2013 und was jeweils zu tun ist.<\/p>\n\n\n\n<div class=\"wp-block-columns lk-two-col lk-tools-overview-row is-layout-flex wp-container-core-columns-is-layout-28f84493 wp-block-columns-is-layout-flex\">\n<div class=\"wp-block-column lk-tools-overview-card is-layout-flow wp-block-column-is-layout-flow\">\n<div class=\"wp-block-group has-global-padding is-layout-constrained wp-block-group-is-layout-constrained\">\n<p class=\"lk-eyebrow\">SCHNELLER \u00dcBERBLIC<\/p>\n\n\n\n<h3 class=\"wp-block-heading has-text-align-center\">Struktur in einem chaotischen Moment<\/h3>\n\n\n\n<p class=\"has-text-align-center has-medium-font-size\">Die Vorlagen unterst\u00fctzen Sie dabei, Schritt f\u00fcr Schritt Ordnung in alle digitalen Themen zu bringen:<\/p>\n\n\n\n<ul class=\"wp-block-list\">\n<li>wichtige Zug\u00e4nge und Konten gemeinsam zu sammeln<\/li>\n\n\n\n<li>Vertr\u00e4ge, Abos und laufende Zahlungen zu finden und zu beenden<\/li>\n\n\n\n<li>Profile in sozialen Netzwerken zu sichern oder zu l\u00f6schen<\/li>\n\n\n\n<li>relevante E-Mails und Cloud-Dienste im Blick zu behalten<\/li>\n\n\n\n<li>Aufgaben innerhalb der Familie klar zu verteilen<\/li>\n<\/ul>\n<\/div>\n<\/div>\n\n\n\n<div class=\"wp-block-column lk-tools-table-card is-layout-flow wp-block-column-is-layout-flow\">\n<div class=\"wp-block-group has-global-padding is-layout-constrained wp-block-group-is-layout-constrained\">\n<h2 class=\"wp-block-heading\">Themen &amp; passende Vorlagen<\/h2>\n\n\n\n<figure class=\"wp-block-table lk-tools-overview-table\" style=\"font-size:0.68rem\"><table class=\"has-fixed-layout\"><tbody><tr><td><strong>Thema<\/strong><\/td><td><strong>Was ist zu tun<\/strong><\/td><td><strong>Vorlage<\/strong><\/td><\/tr><tr><td>Soziale Medien<\/td><td>Profile sichern, Gedenkzustand einrichten oder l\u00f6schen<\/td><td>Muster-E-Mail an Anbieter<\/td><\/tr><tr><td>E-Mail &amp; Cloud<\/td><td>Postf\u00e4cher pr\u00fcfen, wichtige Unterlagen sichern und sichern ablegen<\/td><td>Checkliste \u201eDigitaler Nachlass im \u00dcberblick\u201c<\/td><\/tr><tr><td>Streaming &amp; Abos<\/td><td>Laufende Abos und Mitgliedschaften pr\u00fcfen, k\u00fcndigen oder \u00fcbertragen<\/td><td>K\u00fcndigungs\u00fcbersicht f\u00fcr Abos &amp; Dienste<\/td><\/tr><tr><td>Online-Banking &amp; Bezahldienste<\/td><td>Zug\u00e4nge dokumentieren, Zahlungsfl\u00fcsse \u00fcberblicke<\/td><td>Notizblatt \u201eBanken &amp; Zahlungsdienste\u201c<\/td><\/tr><tr><td>Sonstige Konten &amp; Services<\/td><td>Weitere Plattformen (Vereine, Shops, Versicherungen \u2026) erfassen<\/td><td>Freie Notizvorlage f\u00fcr weitere Dienste<\/td><\/tr><\/tbody><\/table><\/figure>\n<\/div>\n<\/div>\n<\/div>\n<\/div>\n\n\n\n<div class=\"wp-block-group lk-section lk-tools-downloads has-global-padding is-layout-constrained wp-block-group-is-layout-constrained\">\n<h2 class=\"wp-block-heading has-text-align-center\">Zentrale Checkliste: Digitaler Nachlass im \u00dcberblick<\/h2>\n\n\n\n<p class=\"has-text-align-center lk-tools-hero__lead\">Diese Haupt-Checkliste f\u00fchrt Sie durch alle wichtigen Schritte \u2013 ideal zum Ausdrucken, Mitnehmen und Abhaken.<\/p>\n\n\n\n<div class=\"wp-block-columns lk-two-col lk-tools-download-row is-layout-flex wp-container-core-columns-is-layout-28f84493 wp-block-columns-is-layout-flex\">\n<div class=\"wp-block-column is-layout-flow wp-block-column-is-layout-flow\">\n<div class=\"wp-block-group lk-tools-download-card has-global-padding is-layout-constrained wp-block-group-is-layout-constrained\">\n<p class=\"lk-eyebrow\">HAUPT-CHECKLISTE<\/p>\n\n\n\n<h2 class=\"wp-block-heading\">Digitaler Nachlass im \u00dcberblick<\/h2>\n\n\n\n<p class=\"has-text-align-center has-medium-font-size\">Nutzen Sie diese Checkliste, um nichts Wichtiges zu vergessen \u2013 egal, ob Letzter Klick bereits genutzt wird oder nicht.<\/p>\n\n\n\n<ul class=\"wp-block-list\">\n<li>alle digitalen Bereiche kompakt auf einer Seite<\/li>\n\n\n\n<li>Platz f\u00fcr Notizen, Zugangsdaten und Zust\u00e4ndigkeiten<\/li>\n\n\n\n<li>hilfreich f\u00fcr Gespr\u00e4che in der Familie oder beim Bestatter<\/li>\n\n\n\n<li>jederzeit erweiterbar um eigene Punkte<\/li>\n<\/ul>\n<\/div>\n<\/div>\n\n\n\n<div class=\"wp-block-column is-layout-flow wp-block-column-is-layout-flow\">\n<div class=\"wp-block-group has-global-padding is-layout-constrained wp-block-group-is-layout-constrained\">\n<p class=\"lk-eyebrow\">DOWNLOAD<\/p>\n\n\n\n<h3 class=\"wp-block-heading\">Checkliste \u201eDigitaler Nachlass im \u00dcberblick\u201c<\/h3>\n\n\n\n<div data-wp-interactive=\"core\/file\" class=\"wp-block-file aligncenter\"><object data-wp-bind--hidden=\"!state.hasPdfPreview\" hidden class=\"wp-block-file__embed\" data=\"https:\/\/dem-projects.fh-joanneum.at\/dem1\/wp-content\/uploads\/2025\/12\/Checklist-Template.pdf\" type=\"application\/pdf\" style=\"width:100%;height:200px\" aria-label=\"Embed of Checklist Template.\"><\/object><a id=\"wp-block-file--media-ba9a520b-1db0-415a-b04d-c28a98af1a0b\" href=\"https:\/\/dem-projects.fh-joanneum.at\/dem1\/wp-content\/uploads\/2025\/12\/Checklist-Template.pdf\">Checklist Template<\/a><a href=\"https:\/\/dem-projects.fh-joanneum.at\/dem1\/wp-content\/uploads\/2025\/12\/Checklist-Template.pdf\" class=\"wp-block-file__button wp-element-button\" download aria-describedby=\"wp-block-file--media-ba9a520b-1db0-415a-b04d-c28a98af1a0b\">Download<\/a><\/div>\n\n\n\n<p class=\"has-small-font-size\">Format: PDF \u2013 ausf\u00fcllbar am Computer oder per Hand. Sie d\u00fcrfen die Checkliste gerne ausdrucken und mit Angeh\u00f6rigen teilen.<\/p>\n<\/div>\n<\/div>\n<\/div>\n\n\n\n<h3 class=\"wp-block-heading has-text-align-center\">Weitere Vorlagen f\u00fcr typische Situationen<\/h3>\n\n\n\n<div class=\"wp-block-group lk-tools-download-grid is-layout-grid wp-container-core-group-is-layout-478b6e6b wp-block-group-is-layout-grid\">\n<div class=\"wp-block-group lk-tools-download-mini has-global-padding is-layout-constrained wp-block-group-is-layout-constrained\">\n<h3 class=\"wp-block-heading\">Muster-Email<\/h3>\n\n\n\n<p class=\"has-text-align-center\">Formulierungshilfe, um Social-Media-Plattformen, Streaming-Dienste oder andere Anbieter \u00fcber den Todesfall zu informieren und um Konten zu l\u00f6schen.<\/p>\n\n\n\n<div class=\"wp-block-file aligncenter has-base-background-color has-background\"><a id=\"wp-block-file--media-c94827bf-efab-4edc-ac6c-ee911c5efe9b\" href=\"https:\/\/dem-projects.fh-joanneum.at\/dem1\/wp-content\/uploads\/2025\/12\/Checklist-Template.pdf\">Checklist Template<\/a><a href=\"https:\/\/dem-projects.fh-joanneum.at\/dem1\/wp-content\/uploads\/2025\/12\/Checklist-Template.pdf\" class=\"wp-block-file__button wp-element-button\" download aria-describedby=\"wp-block-file--media-c94827bf-efab-4edc-ac6c-ee911c5efe9b\">Download<\/a><\/div>\n<\/div>\n\n\n\n<div class=\"wp-block-group lk-tools-download-mini has-global-padding is-layout-constrained wp-block-group-is-layout-constrained\">\n<h3 class=\"wp-block-heading\">Kontaktprotokoll<\/h3>\n\n\n\n<p class=\"has-text-align-center\">Notizzettel f\u00fcr Gespr\u00e4che mit Banken, Versicherungen, Beh\u00f6rden etc. \u2013 mit Platz f\u00fcr Ansprechpartner, Datum und Vereinbarungen.<\/p>\n\n\n\n<div class=\"wp-block-file aligncenter\"><a id=\"wp-block-file--media-c94827bf-efab-4edc-ac6c-ee911c5efe9b\" href=\"https:\/\/dem-projects.fh-joanneum.at\/dem1\/wp-content\/uploads\/2025\/12\/Checklist-Template.pdf\">Checklist Template<\/a><a href=\"https:\/\/dem-projects.fh-joanneum.at\/dem1\/wp-content\/uploads\/2025\/12\/Checklist-Template.pdf\" class=\"wp-block-file__button wp-element-button\" download aria-describedby=\"wp-block-file--media-c94827bf-efab-4edc-ac6c-ee911c5efe9b\">Download<\/a><\/div>\n<\/div>\n\n\n\n<div class=\"wp-block-group lk-tools-download-mini has-global-padding is-layout-constrained wp-block-group-is-layout-constrained\">\n<h3 class=\"wp-block-heading has-text-align-center\">\u00dcbergabeprotokoll<\/h3>\n\n\n\n<p class=\"has-text-align-center\">Hilft festzuhalten, wer welche Aufgaben \u00fcbernimmt, welche Unterlagen wo liegen und welche Punkte noch offen sind.<\/p>\n\n\n\n<div class=\"wp-block-file aligncenter\"><a id=\"wp-block-file--media-c94827bf-efab-4edc-ac6c-ee911c5efe9b\" href=\"https:\/\/dem-projects.fh-joanneum.at\/dem1\/wp-content\/uploads\/2025\/12\/Checklist-Template.pdf\">Checklist Template<\/a><a href=\"https:\/\/dem-projects.fh-joanneum.at\/dem1\/wp-content\/uploads\/2025\/12\/Checklist-Template.pdf\" class=\"wp-block-file__button wp-element-button\" download aria-describedby=\"wp-block-file--media-c94827bf-efab-4edc-ac6c-ee911c5efe9b\">Download<\/a><\/div>\n<\/div>\n\n\n\n<div class=\"wp-block-group lk-tools-download-mini has-global-padding is-layout-constrained wp-block-group-is-layout-constrained\">\n<h3 class=\"wp-block-heading\">Kontaktprotokoll<\/h3>\n\n\n\n<p class=\"has-text-align-center\">Notizzettel f\u00fcr Gespr\u00e4che mit Banken, Versicherungen, Beh\u00f6rden etc. \u2013 mit Platz f\u00fcr Ansprechpartner, Datum und Vereinbarungen.<\/p>\n\n\n\n<div class=\"wp-block-file aligncenter\"><a id=\"wp-block-file--media-c94827bf-efab-4edc-ac6c-ee911c5efe9b\" href=\"https:\/\/dem-projects.fh-joanneum.at\/dem1\/wp-content\/uploads\/2025\/12\/Checklist-Template.pdf\">Checklist Template<\/a><a href=\"https:\/\/dem-projects.fh-joanneum.at\/dem1\/wp-content\/uploads\/2025\/12\/Checklist-Template.pdf\" class=\"wp-block-file__button wp-element-button\" download aria-describedby=\"wp-block-file--media-c94827bf-efab-4edc-ac6c-ee911c5efe9b\">Download<\/a><\/div>\n<\/div>\n\n\n\n<div class=\"wp-block-group lk-tools-download-mini has-global-padding is-layout-constrained wp-block-group-is-layout-constrained\">\n<h3 class=\"wp-block-heading has-text-align-center\">\u00dcbergabeprotokoll<\/h3>\n\n\n\n<p class=\"has-text-align-center\">Hilft festzuhalten, wer welche Aufgaben \u00fcbernimmt, welche Unterlagen wo liegen und welche Punkte noch offen sind.<\/p>\n\n\n\n<div class=\"wp-block-file aligncenter\"><a id=\"wp-block-file--media-c94827bf-efab-4edc-ac6c-ee911c5efe9b\" href=\"https:\/\/dem-projects.fh-joanneum.at\/dem1\/wp-content\/uploads\/2025\/12\/Checklist-Template.pdf\">Checklist Template<\/a><a href=\"https:\/\/dem-projects.fh-joanneum.at\/dem1\/wp-content\/uploads\/2025\/12\/Checklist-Template.pdf\" class=\"wp-block-file__button wp-element-button\" download aria-describedby=\"wp-block-file--media-c94827bf-efab-4edc-ac6c-ee911c5efe9b\">Download<\/a><\/div>\n<\/div>\n<\/div>\n\n\n\n<p class=\"has-text-align-center lk-tools-hero__lead\">Wichtig: Unsere Checklisten und Vorlagen ersetzen keine Rechtsberatung. Sie geben Orientierung und machen Gespr\u00e4che mit Fachstellen einfacher.<\/p>\n<\/div>\n\n\n\n<div class=\"wp-block-group lk-section lk-tools-cta has-global-padding is-layout-constrained wp-block-group-is-layout-constrained\">\n<h2 class=\"wp-block-heading\">Mit Letzter Klick wird vieles automatisch vorbereitet<\/h2>\n\n\n\n<p>Wenn ein Mensch bereits mit Letzter Klick vorgesorgt hat, sind viele Informationen zum digitalen Nachlass f\u00fcr Sie schon strukturiert hinterlegt. So sparen Sie Zeit, Nerven \u2013 und vermeiden doppelte Wege.<\/p>\n\n\n\n<div class=\"wp-block-buttons is-layout-flex wp-block-buttons-is-layout-flex\">\n<div class=\"wp-block-button lk-btn-primary\"><a class=\"wp-block-button__link has-background wp-element-button\" href=\"https:\/\/dem-projects.fh-joanneum.at\/dem1\/nachlass-regeln-mit-letzter-klick\/\" style=\"background-color:#3a8785\">Fall mit Letzter Klick starten<\/a><\/div>\n\n\n\n<div class=\"wp-block-button lk-btn-ghost\"><a class=\"wp-block-button__link has-background wp-element-button\" href=\"https:\/\/dem-projects.fh-joanneum.at\/dem1\/kontakt\/\" style=\"background-color:#083f48\">Beratung f\u00fcr Angeh\u00f6rige anfragen<\/a><\/div>\n<\/div>\n<\/div>\n","protected":false},"excerpt":{"rendered":"<p>Checklisten &amp; Vorlagen Checklisten &amp; Vorlagen f\u00fcr Angeh\u00f6rige Konkrete Unterst\u00fctzung, wenn Sie den digitalen Nachlass eines geliebten Menschen regeln m\u00fcssen \u2013 kostenlos und sofort nutzbar. Womit Ihnen die Vorlagen helfen Die folgenden Checklisten und Mustertexte bringen Struktur in viele kleine Aufgaben. So sehen Sie auf einen Blick, welche digitalen Bereiche betroffen sind \u2013 und was [&hellip;]<\/p>\n","protected":false},"author":4,"featured_media":0,"parent":0,"menu_order":0,"comment_status":"closed","ping_status":"closed","template":"page-no-title","meta":{"footnotes":""},"class_list":["post-383","page","type-page","status-publish","hentry"],"_links":{"self":[{"href":"https:\/\/dem-projects.fh-joanneum.at\/dem1\/wp-json\/wp\/v2\/pages\/383","targetHints":{"allow":["GET"]}}],"collection":[{"href":"https:\/\/dem-projects.fh-joanneum.at\/dem1\/wp-json\/wp\/v2\/pages"}],"about":[{"href":"https:\/\/dem-projects.fh-joanneum.at\/dem1\/wp-json\/wp\/v2\/types\/page"}],"author":[{"embeddable":true,"href":"https:\/\/dem-projects.fh-joanneum.at\/dem1\/wp-json\/wp\/v2\/users\/4"}],"replies":[{"embeddable":true,"href":"https:\/\/dem-projects.fh-joanneum.at\/dem1\/wp-json\/wp\/v2\/comments?post=383"}],"version-history":[{"count":6,"href":"https:\/\/dem-projects.fh-joanneum.at\/dem1\/wp-json\/wp\/v2\/pages\/383\/revisions"}],"predecessor-version":[{"id":468,"href":"https:\/\/dem-projects.fh-joanneum.at\/dem1\/wp-json\/wp\/v2\/pages\/383\/revisions\/468"}],"wp:attachment":[{"href":"https:\/\/dem-projects.fh-joanneum.at\/dem1\/wp-json\/wp\/v2\/media?parent=383"}],"curies":[{"name":"wp","href":"https:\/\/api.w.org\/{rel}","templated":true}]}}