{"id":417,"date":"2025-12-14T21:44:13","date_gmt":"2025-12-14T21:44:13","guid":{"rendered":"https:\/\/dem-projects.fh-joanneum.at\/dem1\/?page_id=417"},"modified":"2025-12-16T17:53:31","modified_gmt":"2025-12-16T17:53:31","slug":"impressum","status":"publish","type":"page","link":"https:\/\/dem-projects.fh-joanneum.at\/dem1\/impressum\/","title":{"rendered":"Impressum"},"content":{"rendered":"\n<div class=\"wp-block-group lk-section has-global-padding is-layout-constrained wp-container-core-group-is-layout-e0082cf6 wp-block-group-is-layout-constrained\">\n<p class=\"lk-eyebrow\">Rechtliches<\/p>\n\n\n\n<h1 class=\"wp-block-heading\">Impressum<\/h1>\n\n\n\n<p class=\"has-medium-font-size\">Die nachstehenden Angaben gelten f\u00fcr das Online-Angebot unter der Domain www.dem-projects.fh-joanneum.at\/dem1 und alle damit verbundenen Unterseiten.<\/p>\n\n\n\n<h2 class=\"wp-block-heading\">Impressumsangaben<\/h2>\n\n\n\n<p>Letzter Klick | Stra\u00dfe und Hausnummer | 8010, Graz | \u00d6sterreich<\/p>\n\n\n\n<p>Telefon: +43 123 456789 | E-Mail: mail@LetzterKlick.at <\/p>\n\n\n\n<p>Firmenbuchnummer: 123456k<\/p>\n\n\n\n<p>Vertretungsbefugte Person: Vorname Nachname<\/p>\n\n\n\n<h2 class=\"wp-block-heading\">Inhaltliche Verantwortung<\/h2>\n\n\n\n<p class=\"has-medium-font-size\">F\u00fcr die Inhalte dieser Website verantwortlich im Sinne des Medienrechts ist<\/p>\n\n\n\n<p>Vorname Nachname<\/p>\n\n\n\n<p class=\"has-medium-font-size\">Trotz sorgf\u00e4ltiger inhaltlicher Kontrolle \u00fcbernehmen wir keine Gew\u00e4hr f\u00fcr die Richtigkeit, Vollst\u00e4ndigkeit und Aktualit\u00e4t der bereitgestellten Informationen. Die Inhalte dienen der allgemeinen Information und ersetzen keine individuelle Beratung (z. B. rechtlich oder steuerlich).<\/p>\n\n\n\n<h2 class=\"wp-block-heading\">Haftung f\u00fcr Links<\/h2>\n\n\n\n<p class=\"has-medium-font-size\">Unser Angebot enth\u00e4lt Links zu externen Websites Dritter. Auf deren Inhalte haben wir keinen Einfluss; f\u00fcr diese fremden Inhalte ist stets der jeweilige Anbieter oder Betreiber verantwortlich. Zum Zeitpunkt der Verlinkung waren keine rechtswidrigen Inhalte erkennbar. Eine permanente inhaltliche Kontrolle der verlinkten Seiten ist jedoch ohne konkrete Anhaltspunkte einer Rechtsverletzung nicht zumutbar. Bei Bekanntwerden von Rechtsverletzungen werden wir derartige Links umgehend entfernen.<\/p>\n\n\n\n<h2 class=\"wp-block-heading\">Urheberrecht<\/h2>\n\n\n\n<p class=\"has-medium-font-size\">Unser Angebot enth\u00e4lt Links zu externen Websites Dritter. Auf deren Inhalte haben wir keinen Einfluss; f\u00fcr diese fremden Inhalte ist stets der jeweilige Anbieter oder Betreiber verantwortlich. Zum Zeitpunkt der Verlinkung waren keine rechtswidrigen Inhalte erkennbar. Eine permanente inhaltliche Kontrolle der verlinkten Seiten ist jedoch ohne konkrete Anhaltspunkte einer Rechtsverletzung nicht zumutbar. Bei Bekanntwerden von Rechtsverletzungen werden wir derartige Links umgehend entfernen.<\/p>\n\n\n\n<h2 class=\"wp-block-heading\">Online-Streitbeilegung \/ Verbraucher\u00adstreitbeilegung<\/h2>\n\n\n\n<p class=\"has-medium-font-size\">Die Europ\u00e4ische Kommission stellt eine Plattform zur Online-Streitbeilegung (OS) bereit: https:\/\/ec.europa.eu\/consumers\/odr<\/p>\n\n\n\n<p class=\"has-medium-font-size\">Wir sind weder verpflichtet noch bereit, an Streitbeilegungsverfahren vor einer Verbraucherschlichtungsstelle teilzunehmen.<\/p>\n<\/div>\n","protected":false},"excerpt":{"rendered":"<p>Rechtliches Impressum Die nachstehenden Angaben gelten f\u00fcr das Online-Angebot unter der Domain www.dem-projects.fh-joanneum.at\/dem1 und alle damit verbundenen Unterseiten. Impressumsangaben Letzter Klick | Stra\u00dfe und Hausnummer | 8010, Graz | \u00d6sterreich Telefon: +43 123 456789 | E-Mail: mail@LetzterKlick.at Firmenbuchnummer: 123456k Vertretungsbefugte Person: Vorname Nachname Inhaltliche Verantwortung F\u00fcr die Inhalte dieser Website verantwortlich im Sinne des Medienrechts [&hellip;]<\/p>\n","protected":false},"author":6,"featured_media":0,"parent":0,"menu_order":0,"comment_status":"closed","ping_status":"closed","template":"","meta":{"footnotes":""},"class_list":["post-417","page","type-page","status-publish","hentry"],"_links":{"self":[{"href":"https:\/\/dem-projects.fh-joanneum.at\/dem1\/wp-json\/wp\/v2\/pages\/417","targetHints":{"allow":["GET"]}}],"collection":[{"href":"https:\/\/dem-projects.fh-joanneum.at\/dem1\/wp-json\/wp\/v2\/pages"}],"about":[{"href":"https:\/\/dem-projects.fh-joanneum.at\/dem1\/wp-json\/wp\/v2\/types\/page"}],"author":[{"embeddable":true,"href":"https:\/\/dem-projects.fh-joanneum.at\/dem1\/wp-json\/wp\/v2\/users\/6"}],"replies":[{"embeddable":true,"href":"https:\/\/dem-projects.fh-joanneum.at\/dem1\/wp-json\/wp\/v2\/comments?post=417"}],"version-history":[{"count":2,"href":"https:\/\/dem-projects.fh-joanneum.at\/dem1\/wp-json\/wp\/v2\/pages\/417\/revisions"}],"predecessor-version":[{"id":419,"href":"https:\/\/dem-projects.fh-joanneum.at\/dem1\/wp-json\/wp\/v2\/pages\/417\/revisions\/419"}],"wp:attachment":[{"href":"https:\/\/dem-projects.fh-joanneum.at\/dem1\/wp-json\/wp\/v2\/media?parent=417"}],"curies":[{"name":"wp","href":"https:\/\/api.w.org\/{rel}","templated":true}]}}