{"id":93,"date":"2025-11-11T15:39:39","date_gmt":"2025-11-11T15:39:39","guid":{"rendered":"https:\/\/dem-projects.fh-joanneum.at\/dem1\/?page_id=93"},"modified":"2026-01-25T14:36:02","modified_gmt":"2026-01-25T14:36:02","slug":"team","status":"publish","type":"page","link":"https:\/\/dem-projects.fh-joanneum.at\/dem1\/team\/","title":{"rendered":"Team"},"content":{"rendered":"\n<div class=\"wp-block-group alignfull lk-section has-global-padding is-content-justification-center is-layout-constrained wp-container-core-group-is-layout-0ad527f8 wp-block-group-is-layout-constrained\">\n<p class=\"has-text-align-center lk-eyebrow has-text-color has-link-color wp-elements-21840dac508e8788739acbbd6cdd6021\" style=\"color:#a4a4a4;font-style:normal;font-weight:100\"><strong>Team<\/strong><\/p>\n\n\n\n<h2 class=\"wp-block-heading has-text-align-center\" style=\"padding-top:var(--wp--preset--spacing--30);padding-bottom:var(--wp--preset--spacing--30)\">Menschen, die zuh\u00f6ren &#8211; und sicher umsetzen.<\/h2>\n\n\n\n<p class=\"has-text-align-center has-medium-font-size\"><em>Wir arbeiten mit Ruhe, Klarheit und h\u00f6chsten Anspruch an Datenschutz.<\/em> <br>Unser Ziel: Ihren Nachlass strukturiert und verl\u00e4sslich zu regeln.<\/p>\n\n\n\n<div class=\"wp-block-group is-content-justification-center is-nowrap is-layout-flex wp-container-core-group-is-layout-23441af8 wp-block-group-is-layout-flex\">\n<div class=\"wp-block-buttons lk-pill is-content-justification-center is-layout-flex wp-container-core-buttons-is-layout-a89b3969 wp-block-buttons-is-layout-flex\">\n<div class=\"wp-block-button lk-pill\"><a class=\"wp-block-button__link has-background wp-element-button\" style=\"background-color:#94cbb9\">Sicher<\/a><\/div>\n\n\n\n<div class=\"wp-block-button lk-pill\"><a class=\"wp-block-button__link has-background wp-element-button\" style=\"background-color:#3a8785\">Einfach<\/a><\/div>\n\n\n\n<div class=\"wp-block-button lk-pill\"><a class=\"wp-block-button__link has-background wp-element-button\" style=\"background-color:#083f48\">Menschlich<\/a><\/div>\n<\/div>\n<\/div>\n\n\n\n<div class=\"wp-block-columns lk-profile-row is-layout-flex wp-container-core-columns-is-layout-28f84493 wp-block-columns-is-layout-flex\" style=\"border-style:none;border-width:0px\">\n<div class=\"wp-block-column has-global-padding is-layout-constrained wp-block-column-is-layout-constrained\">\n<div class=\"wp-block-group lk-team-card has-global-padding is-layout-constrained wp-block-group-is-layout-constrained\">\n<div class=\"wp-block-group lk-team-card-header is-nowrap is-layout-flex wp-container-core-group-is-layout-6c531013 wp-block-group-is-layout-flex\">\n<p class=\"lk-avatar\">L<\/p>\n\n\n\n<div class=\"wp-block-group lk-header-text is-vertical is-layout-flex wp-container-core-group-is-layout-fe9cc265 wp-block-group-is-layout-flex\">\n<h4 class=\"wp-block-heading lk-name\">Lisa<\/h4>\n\n\n\n<p class=\"lk-role\">Onboarding, interne Organisation &amp; Support<\/p>\n<\/div>\n<\/div>\n\n\n\n<div class=\"wp-block-group lk-tag-row is-nowrap is-layout-flex wp-container-core-group-is-layout-6c531013 wp-block-group-is-layout-flex\">\n<p class=\"lk-tag\">Einf\u00fchrung &amp; Checklisten<\/p>\n\n\n\n<p class=\"lk-tag\">Begleitung<\/p>\n\n\n\n<p class=\"lk-tag\">Kund:innen-Support<\/p>\n<\/div>\n\n\n\n<p class=\"has-text-align-center\">Lisa macht Ihren Start leicht: Schritt f\u00fcr Schritt, in klarer Sprache. Sie koordiniert Unterlagen, richtet Zug\u00e4nge ein und ist bei Fragen schnell erreichbar.<\/p>\n\n\n\n<div class=\"custom-css-block\"><style>#aab_accordion_f2113fce_0 {  }<\/style><\/div><div class=\"wp-block-aab-accordion-block aab__accordion_container  accessibilityOn\" style=\"margin-top:0px;margin-bottom:15px;border:1px solid #bcb6b638\" id=\"aab_accordion_f2113fce_0\" role=\"button\" aria-expanded=\"false\" tabindex=\"0\"><div class=\"aab__accordion_head aab_right_icon \" style=\"background-color:#bcb6b638;border-top:none;border-right:none;border-bottom:none;border-left:none\"><div class=\"aab__accordion_heading aab_right_icon aab_right_link\"><div class=\"head_content_wrapper\"><div class=\"title_wrapper\"><h5 class=\"aab__accordion_title\" style=\"margin:0\">Mehr \u00fcber Lisa&#8230;<\/h5><\/div><\/div><\/div><div class=\"aab__accordion_icon\" style=\"border:0px solid transparent\"><span class=\"aab__icon dashicons dashicons-plus-alt2\" style=\"font-size:23px\"><\/span><\/div><\/div><div class=\"aab__accordion_body  \" role=\"region\" style=\"display:none;border-top:1px solid #bcb6b638;border-right:none;border-bottom:none;border-left:none\"><div class=\"aab__accordion_component\">\n<ul class=\"wp-block-list lk-feature-list\">\n<li>Sturkturierte Onboarding-Guides &amp; erinnerungen<\/li>\n\n\n\n<li>Ruhige, wertsch\u00e4tzende Kommunikation<\/li>\n\n\n\n<li>Qualit\u00e4tskontrolle rund um Unterlagen &amp; Freigaben<\/li>\n<\/ul>\n<\/div><\/div><\/div>\n<\/div>\n<\/div>\n\n\n\n<div class=\"wp-block-column has-global-padding is-content-justification-center is-layout-constrained wp-block-column-is-layout-constrained\">\n<figure class=\"wp-block-image aligncenter size-full is-resized has-custom-border lk-profile-image\"><img loading=\"lazy\" decoding=\"async\" width=\"480\" height=\"640\" src=\"https:\/\/dem-projects.fh-joanneum.at\/dem1\/wp-content\/uploads\/2025\/12\/3-1.png\" alt=\"Das Bild zeigt eine junge Frau, als Symbolbild f\u00fcr Lisa.\" class=\"has-border-color wp-image-272\" style=\"border-color:#e0e0e0;border-width:1px;border-radius:25px;aspect-ratio:2\/3;object-fit:cover;width:auto;height:480px\" srcset=\"https:\/\/dem-projects.fh-joanneum.at\/dem1\/wp-content\/uploads\/2025\/12\/3-1.png 480w, https:\/\/dem-projects.fh-joanneum.at\/dem1\/wp-content\/uploads\/2025\/12\/3-1-225x300.png 225w\" sizes=\"auto, (max-width: 480px) 100vw, 480px\" \/><\/figure>\n<\/div>\n<\/div>\n\n\n\n<div class=\"wp-block-columns lk-profile-row is-layout-flex wp-container-core-columns-is-layout-28f84493 wp-block-columns-is-layout-flex\" style=\"border-style:none;border-width:0px\">\n<div class=\"wp-block-column has-global-padding is-content-justification-center is-layout-constrained wp-block-column-is-layout-constrained\">\n<figure class=\"wp-block-image aligncenter size-full is-resized has-custom-border lk-profile-image\"><img loading=\"lazy\" decoding=\"async\" width=\"480\" height=\"720\" src=\"https:\/\/dem-projects.fh-joanneum.at\/dem1\/wp-content\/uploads\/2025\/12\/4-1.png\" alt=\"Das Bild zeigt eine junge Frau, als Symbolbild f\u00fcr Viktoria.\" class=\"has-border-color wp-image-266\" style=\"border-color:#e0e0e0;border-width:1px;border-radius:25px;aspect-ratio:2\/3;object-fit:cover;width:auto;height:480px\" srcset=\"https:\/\/dem-projects.fh-joanneum.at\/dem1\/wp-content\/uploads\/2025\/12\/4-1.png 480w, https:\/\/dem-projects.fh-joanneum.at\/dem1\/wp-content\/uploads\/2025\/12\/4-1-200x300.png 200w\" sizes=\"auto, (max-width: 480px) 100vw, 480px\" \/><\/figure>\n<\/div>\n\n\n\n<div class=\"wp-block-column has-global-padding is-layout-constrained wp-block-column-is-layout-constrained\">\n<div class=\"wp-block-group lk-team-card has-global-padding is-layout-constrained wp-block-group-is-layout-constrained\">\n<div class=\"wp-block-group lk-team-card-header is-nowrap is-layout-flex wp-container-core-group-is-layout-6c531013 wp-block-group-is-layout-flex\">\n<p class=\"lk-avatar--teal2\">V<\/p>\n\n\n\n<div class=\"wp-block-group lk-header-text is-vertical is-layout-flex wp-container-core-group-is-layout-fe9cc265 wp-block-group-is-layout-flex\">\n<h4 class=\"wp-block-heading lk-name\">Viktoria<\/h4>\n\n\n\n<p class=\"lk-role\">Marketing &amp; Sales<\/p>\n<\/div>\n<\/div>\n\n\n\n<div class=\"wp-block-group lk-tag-row is-nowrap is-layout-flex wp-container-core-group-is-layout-6c531013 wp-block-group-is-layout-flex\">\n<p class=\"lk-tag\">Aufkl\u00e4rung<\/p>\n\n\n\n<p class=\"lk-tag\">Partnerschaften<\/p>\n\n\n\n<p class=\"lk-tag\">Klare Information<\/p>\n<\/div>\n\n\n\n<p class=\"has-text-align-center\">Viktoria sorgt daf\u00fcr, dass unser Angebot verst\u00e4ndlich bleibt &#8211; ohne Pathos, ohne Druck. Sie baut Partnerschaften auf und h\u00e4lt die Kommunikation empathisch und transparent.<\/p>\n\n\n\n<div class=\"custom-css-block\"><style>#aab_accordion_f2113fce_0 {  }<\/style><\/div><div class=\"wp-block-aab-accordion-block aab__accordion_container  accessibilityOn\" style=\"margin-top:0px;margin-bottom:15px;border:1px solid #bcb6b638\" id=\"aab_accordion_f2113fce_0\" role=\"button\" aria-expanded=\"false\" tabindex=\"0\"><div class=\"aab__accordion_head aab_right_icon \" style=\"background-color:#bcb6b638;border-top:none;border-right:none;border-bottom:none;border-left:none\"><div class=\"aab__accordion_heading aab_right_icon aab_right_link\"><div class=\"head_content_wrapper\"><div class=\"title_wrapper\"><h5 class=\"aab__accordion_title\" style=\"margin:0\">Mehr \u00fcber Viktoria&#8230;<\/h5><\/div><\/div><\/div><div class=\"aab__accordion_icon\" style=\"border:0px solid transparent\"><span class=\"aab__icon dashicons dashicons-plus-alt2\" style=\"font-size:23px\"><\/span><\/div><\/div><div class=\"aab__accordion_body  \" role=\"region\" style=\"display:none;border-top:1px solid #bcb6b638;border-right:none;border-bottom:none;border-left:none\"><div class=\"aab__accordion_component\">\n<ul class=\"wp-block-list lk-feature-list\">\n<li>Sensible Ansprache in einer besonderen Lebenslage<\/li>\n\n\n\n<li>Schulungsmaterial f\u00fcr Angeh\u00f6rige &amp; Partner:innen<\/li>\n\n\n\n<li>Feedback-Loopen &#8211; zuh\u00f6ren, verbessern, vereinfachen<\/li>\n<\/ul>\n<\/div><\/div><\/div>\n<\/div>\n<\/div>\n<\/div>\n\n\n\n<div class=\"wp-block-columns lk-profile-row is-layout-flex wp-container-core-columns-is-layout-28f84493 wp-block-columns-is-layout-flex\" style=\"border-style:none;border-width:0px\">\n<div class=\"wp-block-column has-global-padding is-layout-constrained wp-block-column-is-layout-constrained\">\n<div class=\"wp-block-group lk-team-card has-global-padding is-layout-constrained wp-block-group-is-layout-constrained\">\n<div class=\"wp-block-group lk-team-card-header is-nowrap is-layout-flex wp-container-core-group-is-layout-6c531013 wp-block-group-is-layout-flex\">\n<p class=\"lk-avatar--purple2\">M<\/p>\n\n\n\n<div class=\"wp-block-group lk-header-text is-vertical is-layout-flex wp-container-core-group-is-layout-fe9cc265 wp-block-group-is-layout-flex\">\n<h4 class=\"wp-block-heading lk-name\">Manuel<\/h4>\n\n\n\n<p class=\"lk-role\">IT &amp; Plattform-Sicherheit<\/p>\n<\/div>\n<\/div>\n\n\n\n<div class=\"wp-block-group lk-tag-row is-nowrap is-layout-flex wp-container-core-group-is-layout-6c531013 wp-block-group-is-layout-flex\">\n<p class=\"lk-tag\">Ende-zu-Ende-Denken<\/p>\n\n\n\n<p class=\"lk-tag\">Sicherheit &amp; Stabilit\u00e4t<\/p>\n\n\n\n<p class=\"lk-tag\">Zugriffsrechte<\/p>\n<\/div>\n\n\n\n<p class=\"has-text-align-center\">Manuel verantwortet die technische Umsetzung: stabile Systeme, strikte Zugriffsmodelle und sorgf\u00e4ltige Pr\u00fcfpfade &#8211; damit sensible Informationen gesch\u00fctzt bleiben.<\/p>\n\n\n\n<div class=\"custom-css-block\"><style>#aab_accordion_f2113fce_0 {  }<\/style><\/div><div class=\"wp-block-aab-accordion-block aab__accordion_container  accessibilityOn\" style=\"margin-top:0px;margin-bottom:15px;border:1px solid #bcb6b638\" id=\"aab_accordion_f2113fce_0\" role=\"button\" aria-expanded=\"false\" tabindex=\"0\"><div class=\"aab__accordion_head aab_right_icon \" style=\"background-color:#bcb6b638;border-top:none;border-right:none;border-bottom:none;border-left:none\"><div class=\"aab__accordion_heading aab_right_icon aab_right_link\"><div class=\"head_content_wrapper\"><div class=\"title_wrapper\"><h5 class=\"aab__accordion_title\" style=\"margin:0\">Mehr \u00fcber Manuel&#8230;<\/h5><\/div><\/div><\/div><div class=\"aab__accordion_icon\" style=\"border:0px solid transparent\"><span class=\"aab__icon dashicons dashicons-plus-alt2\" style=\"font-size:23px\"><\/span><\/div><\/div><div class=\"aab__accordion_body  \" role=\"region\" style=\"display:none;border-top:1px solid #bcb6b638;border-right:none;border-bottom:none;border-left:none\"><div class=\"aab__accordion_component\">\n<ul class=\"wp-block-list lk-feature-list\">\n<li>Sichere Abl\u00e4ufe f\u00fcr Freigaben &amp; Rollen<\/li>\n\n\n\n<li>\u00dcberwachung kritischer Prozesse<\/li>\n\n\n\n<li>Technische Qualit\u00e4tssicherung &amp; Dokumentation<\/li>\n<\/ul>\n<\/div><\/div><\/div>\n<\/div>\n<\/div>\n\n\n\n<div class=\"wp-block-column has-global-padding is-content-justification-center is-layout-constrained wp-block-column-is-layout-constrained\">\n<figure class=\"wp-block-image aligncenter size-full is-resized has-custom-border lk-profile-image\"><img loading=\"lazy\" decoding=\"async\" width=\"480\" height=\"720\" src=\"https:\/\/dem-projects.fh-joanneum.at\/dem1\/wp-content\/uploads\/2025\/12\/2-1.png\" alt=\"Das Bild zeigt einen jungen Mann, als Symbolbild f\u00fcr Manuel.\" class=\"has-border-color wp-image-274\" style=\"border-color:#e0e0e0;border-width:1px;border-radius:25px;aspect-ratio:2\/3;object-fit:cover;width:auto;height:480px\" srcset=\"https:\/\/dem-projects.fh-joanneum.at\/dem1\/wp-content\/uploads\/2025\/12\/2-1.png 480w, https:\/\/dem-projects.fh-joanneum.at\/dem1\/wp-content\/uploads\/2025\/12\/2-1-200x300.png 200w\" sizes=\"auto, (max-width: 480px) 100vw, 480px\" \/><\/figure>\n<\/div>\n<\/div>\n\n\n\n<div class=\"wp-block-columns lk-team-grid lk-profile-row is-layout-flex wp-container-core-columns-is-layout-28f84493 wp-block-columns-is-layout-flex\" style=\"border-style:none;border-width:0px\">\n<div class=\"wp-block-column has-global-padding is-content-justification-center is-layout-constrained wp-block-column-is-layout-constrained\">\n<figure class=\"wp-block-image aligncenter size-full is-resized has-custom-border lk-profile-image\"><img loading=\"lazy\" decoding=\"async\" width=\"480\" height=\"640\" src=\"https:\/\/dem-projects.fh-joanneum.at\/dem1\/wp-content\/uploads\/2025\/12\/1-1.png\" alt=\"Das Bild zeigt einen jungen Mann, als Symbolbild f\u00fcr Vinzenz.\" class=\"has-border-color wp-image-273\" style=\"border-color:#e0e0e0;border-width:1px;border-radius:25px;aspect-ratio:2\/3;object-fit:cover;width:auto;height:480px\" srcset=\"https:\/\/dem-projects.fh-joanneum.at\/dem1\/wp-content\/uploads\/2025\/12\/1-1.png 480w, https:\/\/dem-projects.fh-joanneum.at\/dem1\/wp-content\/uploads\/2025\/12\/1-1-225x300.png 225w\" sizes=\"auto, (max-width: 480px) 100vw, 480px\" \/><\/figure>\n<\/div>\n\n\n\n<div class=\"wp-block-column has-global-padding is-layout-constrained wp-block-column-is-layout-constrained\">\n<div class=\"wp-block-group lk-team-card has-global-padding is-layout-constrained wp-block-group-is-layout-constrained\">\n<div class=\"wp-block-group lk-team-card-header is-nowrap is-layout-flex wp-container-core-group-is-layout-6c531013 wp-block-group-is-layout-flex\">\n<p class=\"lk-avatar--yellow2\">V<\/p>\n\n\n\n<div class=\"wp-block-group lk-header-text is-vertical is-layout-flex wp-container-core-group-is-layout-fe9cc265 wp-block-group-is-layout-flex\">\n<h4 class=\"wp-block-heading lk-name\">Vinzenz<\/h4>\n\n\n\n<p class=\"lk-role\">Rechnungswesen &amp; Buchhaltung<\/p>\n<\/div>\n<\/div>\n\n\n\n<div class=\"wp-block-group lk-tag-row is-nowrap is-layout-flex wp-container-core-group-is-layout-6c531013 wp-block-group-is-layout-flex\">\n<p class=\"lk-tag\">Transparenz<\/p>\n\n\n\n<p class=\"lk-tag\">Sorgfalt<\/p>\n\n\n\n<p class=\"lk-tag\">Nachvollziehbarkeit<\/p>\n<\/div>\n\n\n\n<p class=\"has-text-align-center\">Vinzenz h\u00e4lt unsere Zahlen sauber &#8211; von der Abrechnung bis zur Kontrolle. Klar strukturiert, nachvollziehbar und termintreu.<\/p>\n\n\n\n<div class=\"custom-css-block\"><style>#aab_accordion_f2113fce_0 {  }<\/style><\/div><div class=\"wp-block-aab-accordion-block aab__accordion_container  accessibilityOn\" style=\"margin-top:0px;margin-bottom:15px;border:1px solid #bcb6b638\" id=\"aab_accordion_f2113fce_0\" role=\"button\" aria-expanded=\"false\" tabindex=\"0\"><div class=\"aab__accordion_head aab_right_icon \" style=\"background-color:#bcb6b638;border-top:none;border-right:none;border-bottom:none;border-left:none\"><div class=\"aab__accordion_heading aab_right_icon aab_right_link\"><div class=\"head_content_wrapper\"><div class=\"title_wrapper\"><h5 class=\"aab__accordion_title\" style=\"margin:0\">Mehr \u00fcber Vinzenz..<\/h5><\/div><\/div><\/div><div class=\"aab__accordion_icon\" style=\"border:0px solid transparent\"><span class=\"aab__icon dashicons dashicons-plus-alt2\" style=\"font-size:23px\"><\/span><\/div><\/div><div class=\"aab__accordion_body  \" role=\"region\" style=\"display:none;border-top:1px solid #bcb6b638;border-right:none;border-bottom:none;border-left:none\"><div class=\"aab__accordion_component\">\n<ul class=\"wp-block-list lk-feature-list\">\n<li>Ordnungsgem\u00e4\u00dfe Prozesse &amp; Belegpr\u00fcfungen<\/li>\n\n\n\n<li>\u00dcbersichtliche Abrechnungen<\/li>\n\n\n\n<li>Schnittstelle zu Steuerberatung &amp; Controlling<\/li>\n<\/ul>\n<\/div><\/div><\/div>\n<\/div>\n<\/div>\n<\/div>\n<\/div>\n","protected":false},"excerpt":{"rendered":"<p>Team Menschen, die zuh\u00f6ren &#8211; und sicher umsetzen. Wir arbeiten mit Ruhe, Klarheit und h\u00f6chsten Anspruch an Datenschutz. Unser Ziel: Ihren Nachlass strukturiert und verl\u00e4sslich zu regeln. V Viktoria Marketing &amp; Sales Aufkl\u00e4rung Partnerschaften Klare Information Viktoria sorgt daf\u00fcr, dass unser Angebot verst\u00e4ndlich bleibt &#8211; ohne Pathos, ohne Druck. Sie baut Partnerschaften auf und h\u00e4lt [&hellip;]<\/p>\n","protected":false},"author":6,"featured_media":0,"parent":0,"menu_order":0,"comment_status":"closed","ping_status":"closed","template":"page-no-title","meta":{"footnotes":""},"class_list":["post-93","page","type-page","status-publish","hentry"],"_links":{"self":[{"href":"https:\/\/dem-projects.fh-joanneum.at\/dem1\/wp-json\/wp\/v2\/pages\/93","targetHints":{"allow":["GET"]}}],"collection":[{"href":"https:\/\/dem-projects.fh-joanneum.at\/dem1\/wp-json\/wp\/v2\/pages"}],"about":[{"href":"https:\/\/dem-projects.fh-joanneum.at\/dem1\/wp-json\/wp\/v2\/types\/page"}],"author":[{"embeddable":true,"href":"https:\/\/dem-projects.fh-joanneum.at\/dem1\/wp-json\/wp\/v2\/users\/6"}],"replies":[{"embeddable":true,"href":"https:\/\/dem-projects.fh-joanneum.at\/dem1\/wp-json\/wp\/v2\/comments?post=93"}],"version-history":[{"count":50,"href":"https:\/\/dem-projects.fh-joanneum.at\/dem1\/wp-json\/wp\/v2\/pages\/93\/revisions"}],"predecessor-version":[{"id":489,"href":"https:\/\/dem-projects.fh-joanneum.at\/dem1\/wp-json\/wp\/v2\/pages\/93\/revisions\/489"}],"wp:attachment":[{"href":"https:\/\/dem-projects.fh-joanneum.at\/dem1\/wp-json\/wp\/v2\/media?parent=93"}],"curies":[{"name":"wp","href":"https:\/\/api.w.org\/{rel}","templated":true}]}}