{"id":98,"date":"2025-11-11T15:49:59","date_gmt":"2025-11-11T15:49:59","guid":{"rendered":"https:\/\/dem-projects.fh-joanneum.at\/dem1\/?page_id=98"},"modified":"2025-12-21T15:34:54","modified_gmt":"2025-12-21T15:34:54","slug":"unsere-werte","status":"publish","type":"page","link":"https:\/\/dem-projects.fh-joanneum.at\/dem1\/unsere-werte\/","title":{"rendered":"Unsere Werte"},"content":{"rendered":"\n<div class=\"wp-block-group lk-values-hero has-global-padding is-layout-constrained wp-block-group-is-layout-constrained\">\n<div class=\"wp-block-columns is-layout-flex wp-container-core-columns-is-layout-28f84493 wp-block-columns-is-layout-flex\">\n<div class=\"wp-block-column is-layout-flow wp-block-column-is-layout-flow\">\n<h2 class=\"wp-block-heading lk-eyebrow\">Wof\u00fcr wir stehen<\/h2>\n\n\n\n<h2 class=\"wp-block-heading lk-hero-headline\">Wir helfen Menschen, digitale Entscheidungen ruhig und klar zu treffen.<\/h2>\n\n\n\n<p class=\"lk-hero-sub\">In einer Welt voller Accounts, Daten und digitaler Verpflichtungen schaffen wir Orientierung.<br>Wir erkl\u00e4ren verst\u00e4ndlich, unterst\u00fctzen einf\u00fchlsam und sorgen daf\u00fcr, dass digitale Nachl\u00e4sse rechtzeitig, sicher und menschlich geregelt werden.<\/p>\n\n\n\n<div class=\"wp-block-buttons is-content-justification-center is-layout-flex wp-container-core-buttons-is-layout-a89b3969 wp-block-buttons-is-layout-flex\">\n<div class=\"wp-block-button\"><a class=\"wp-block-button__link has-background wp-element-button\" style=\"background-color:#94cbb9\">Sicher<\/a><\/div>\n\n\n\n<div class=\"wp-block-button\"><a class=\"wp-block-button__link has-background wp-element-button\" style=\"background-color:#3a8785\">Einfach<\/a><\/div>\n\n\n\n<div class=\"wp-block-button\"><a class=\"wp-block-button__link has-background wp-element-button\" style=\"background-color:#083f48\">Menschlich<\/a><\/div>\n<\/div>\n<\/div>\n\n\n\n<div class=\"wp-block-column is-layout-flow wp-block-column-is-layout-flow\">\n<figure class=\"wp-block-image size-large lk-values-hero-image\"><img loading=\"lazy\" decoding=\"async\" width=\"1024\" height=\"683\" src=\"https:\/\/dem-projects.fh-joanneum.at\/dem1\/wp-content\/uploads\/2025\/11\/ChatGPT-Image-3.-Juni-2025-20_45_21-1-1024x683.png\" alt=\"Das Bild zeigt zwei Personen die ein Smartphone in der Hand halten, als Symbol f\u00fcr die Daten\u00fcbergabe mit Letzter Klick.\" class=\"wp-image-44\" srcset=\"https:\/\/dem-projects.fh-joanneum.at\/dem1\/wp-content\/uploads\/2025\/11\/ChatGPT-Image-3.-Juni-2025-20_45_21-1-1024x683.png 1024w, https:\/\/dem-projects.fh-joanneum.at\/dem1\/wp-content\/uploads\/2025\/11\/ChatGPT-Image-3.-Juni-2025-20_45_21-1-300x200.png 300w, https:\/\/dem-projects.fh-joanneum.at\/dem1\/wp-content\/uploads\/2025\/11\/ChatGPT-Image-3.-Juni-2025-20_45_21-1-768x512.png 768w, https:\/\/dem-projects.fh-joanneum.at\/dem1\/wp-content\/uploads\/2025\/11\/ChatGPT-Image-3.-Juni-2025-20_45_21-1.png 1536w\" sizes=\"auto, (max-width: 1024px) 100vw, 1024px\" \/><\/figure>\n<\/div>\n<\/div>\n<\/div>\n\n\n\n<div class=\"wp-block-group lk-values-mission-vision lk-section has-global-padding is-layout-constrained wp-block-group-is-layout-constrained\">\n<h2 class=\"wp-block-heading\">Mission &amp; Vision<\/h2>\n\n\n\n<p>Wir glauben, dass digitale Vorsorge f\u00fcr alle zug\u00e4nglich, klar und vertrauensvoll sein muss.<\/p>\n\n\n\n<div class=\"wp-block-columns lk-mv-columns is-layout-flex wp-container-core-columns-is-layout-28f84493 wp-block-columns-is-layout-flex\">\n<div class=\"wp-block-column lk-mission-card is-layout-flow wp-block-column-is-layout-flow\">\n<div class=\"wp-block-group lk-mv-card has-global-padding is-layout-constrained wp-block-group-is-layout-constrained\">\n<h2 class=\"wp-block-heading\">Mission<\/h2>\n\n\n\n<p>Unsere Mission ist es, Sicherheit zu schaffen \u2013 damit Entscheidungen nicht im Ernstfall getroffen werden m\u00fcssen.<\/p>\n\n\n\n<ul class=\"wp-block-list\">\n<li>Wir erkl\u00e4ren digitale Themen verst\u00e4ndlich.<\/li>\n\n\n\n<li>Wir begleiten Schritt f\u00fcr Schritt \u2013 ohne Fachsprache und ohne Stress.<\/li>\n\n\n\n<li>Wir schaffen klare Strukturen, die Menschen entlasten.<\/li>\n<\/ul>\n<\/div>\n<\/div>\n\n\n\n<div class=\"wp-block-column lk-vision-card is-layout-flow wp-block-column-is-layout-flow\">\n<div class=\"wp-block-group lk-mv-card lk-mv-card--highlight has-global-padding is-layout-constrained wp-block-group-is-layout-constrained\">\n<h2 class=\"wp-block-heading\">Vision<\/h2>\n\n\n\n<p>Unsere Vision ist es, dass digitale Vorsorge so selbstverst\u00e4ndlich ist wie ein Testament.<\/p>\n\n\n\n<ul class=\"wp-block-list\">\n<li>Digitale Vorsorge soll einfach und f\u00fcr jeden zug\u00e4nglich sein.<\/li>\n\n\n\n<li>Angeh\u00f6rige sollen im Ernstfall nicht suchen, sondern handeln k\u00f6nnen.<\/li>\n\n\n\n<li>Digitale Nachl\u00e4sse sollen sicher, transparent und nachhaltig werden.<\/li>\n<\/ul>\n<\/div>\n<\/div>\n<\/div>\n<\/div>\n\n\n\n<div class=\"wp-block-group lk-values-grid-section lk-section has-global-padding is-layout-constrained wp-block-group-is-layout-constrained\">\n<h2 class=\"wp-block-heading\">Unsere Werte<\/h2>\n\n\n\n<p>Unsere Werte pr\u00e4gen jede Entscheidung \u2013 und bestimmen wie wir denken.<br>Wir arbeiten mit Ruhe, Respekt und Klarheit.<\/p>\n\n\n\n<div class=\"wp-block-group lk-values-grid is-layout-grid wp-container-core-group-is-layout-478b6e6b wp-block-group-is-layout-grid\">\n<div class=\"wp-block-group lk-value-card has-global-padding is-layout-constrained wp-block-group-is-layout-constrained\">\n<h3 class=\"wp-block-heading has-text-align-center\">Transparenz<\/h3>\n\n\n\n<p class=\"has-text-align-center\">Wir kommunizieren alles klar, offen und verst\u00e4ndlich.<\/p>\n\n\n\n<div class=\"wp-block-group is-content-justification-center is-nowrap is-layout-flex wp-container-core-group-is-layout-23441af8 wp-block-group-is-layout-flex\">\n<div class=\"wp-block-buttons lk-tag-row is-content-justification-center is-layout-flex wp-container-core-buttons-is-layout-a89b3969 wp-block-buttons-is-layout-flex\">\n<div class=\"wp-block-button is-style-outline is-style-outline--1\"><a class=\"wp-block-button__link has-border-color has-accent-4-border-color has-small-font-size has-text-align-center has-custom-font-size wp-element-button\" style=\"padding-top:var(--wp--preset--spacing--20);padding-right:var(--wp--preset--spacing--50);padding-bottom:var(--wp--preset--spacing--20);padding-left:var(--wp--preset--spacing--50);box-shadow:none;font-style:normal;font-weight:700;line-height:1.5\">Mehr&#8230;<\/a><\/div>\n<\/div>\n<\/div>\n<\/div>\n\n\n\n<div class=\"wp-block-group lk-value-card has-global-padding is-layout-constrained wp-block-group-is-layout-constrained\">\n<h3 class=\"wp-block-heading has-text-align-center\">Sicherheit<\/h3>\n\n\n\n<p class=\"has-text-align-center\">Ihre Daten geh\u00f6ren Ihnen. Wir sch\u00fctzen Sie konsequent.<\/p>\n\n\n\n<div class=\"wp-block-group is-content-justification-center is-nowrap is-layout-flex wp-container-core-group-is-layout-23441af8 wp-block-group-is-layout-flex\">\n<div class=\"wp-block-buttons lk-tag-row is-content-justification-center is-layout-flex wp-container-core-buttons-is-layout-a89b3969 wp-block-buttons-is-layout-flex\">\n<div class=\"wp-block-button is-style-outline is-style-outline--2\"><a class=\"wp-block-button__link has-border-color has-accent-4-border-color has-small-font-size has-custom-font-size wp-element-button\" style=\"padding-top:var(--wp--preset--spacing--20);padding-right:var(--wp--preset--spacing--50);padding-bottom:var(--wp--preset--spacing--20);padding-left:var(--wp--preset--spacing--50);box-shadow:none;font-style:normal;font-weight:700\">Mehr&#8230;<\/a><\/div>\n<\/div>\n<\/div>\n<\/div>\n\n\n\n<div class=\"wp-block-group lk-value-card has-global-padding is-layout-constrained wp-block-group-is-layout-constrained\">\n<h3 class=\"wp-block-heading has-text-align-center\">Einfachheit<\/h3>\n\n\n\n<p class=\"has-text-align-center\">Wir reduzieren auf das Wesentliche und machen Entscheidungen leicht.<\/p>\n\n\n\n<div class=\"wp-block-group is-content-justification-center is-nowrap is-layout-flex wp-container-core-group-is-layout-23441af8 wp-block-group-is-layout-flex\">\n<div class=\"wp-block-buttons lk-tag-row is-content-justification-center is-layout-flex wp-container-core-buttons-is-layout-a89b3969 wp-block-buttons-is-layout-flex\">\n<div class=\"wp-block-button is-style-outline is-style-outline--3\"><a class=\"wp-block-button__link has-border-color has-accent-4-border-color has-small-font-size has-custom-font-size wp-element-button\" style=\"padding-top:var(--wp--preset--spacing--20);padding-right:var(--wp--preset--spacing--50);padding-bottom:var(--wp--preset--spacing--20);padding-left:var(--wp--preset--spacing--50);box-shadow:none;font-style:normal;font-weight:700\">Mehr&#8230;<\/a><\/div>\n<\/div>\n<\/div>\n<\/div>\n\n\n\n<div class=\"wp-block-group lk-value-card has-global-padding is-layout-constrained wp-block-group-is-layout-constrained\">\n<h3 class=\"wp-block-heading has-text-align-center\">Empathie<\/h3>\n\n\n\n<p class=\"has-text-align-center\">Wir h\u00f6ren zu, gehen behutsam vor und begleiten in ihrem Tempo.<\/p>\n\n\n\n<div class=\"wp-block-group is-content-justification-center is-nowrap is-layout-flex wp-container-core-group-is-layout-23441af8 wp-block-group-is-layout-flex\">\n<div class=\"wp-block-buttons lk-tag-row is-content-justification-center is-layout-flex wp-container-core-buttons-is-layout-a89b3969 wp-block-buttons-is-layout-flex\">\n<div class=\"wp-block-button is-style-outline is-style-outline--4\"><a class=\"wp-block-button__link has-border-color has-accent-4-border-color has-small-font-size has-custom-font-size wp-element-button\" style=\"padding-top:var(--wp--preset--spacing--20);padding-right:var(--wp--preset--spacing--50);padding-bottom:var(--wp--preset--spacing--20);padding-left:var(--wp--preset--spacing--50);box-shadow:none;font-style:normal;font-weight:700\">Mehr&#8230;<\/a><\/div>\n<\/div>\n<\/div>\n<\/div>\n\n\n\n<div class=\"wp-block-group lk-value-card has-global-padding is-layout-constrained wp-block-group-is-layout-constrained\">\n<h3 class=\"wp-block-heading has-text-align-center\">Verl\u00e4sslichkeit<\/h3>\n\n\n\n<p class=\"has-text-align-center\">Wir stehen auf Ihrer Seite &#8211; vor, w\u00e4hrend und nach dem Ernstfall.<\/p>\n\n\n\n<div class=\"wp-block-group is-content-justification-center is-nowrap is-layout-flex wp-container-core-group-is-layout-23441af8 wp-block-group-is-layout-flex\">\n<div class=\"wp-block-buttons lk-tag-row is-content-justification-center is-layout-flex wp-container-core-buttons-is-layout-a89b3969 wp-block-buttons-is-layout-flex\">\n<div class=\"wp-block-button is-style-outline is-style-outline--5\"><a class=\"wp-block-button__link has-border-color has-accent-4-border-color has-small-font-size has-custom-font-size wp-element-button\" style=\"padding-top:var(--wp--preset--spacing--20);padding-right:var(--wp--preset--spacing--50);padding-bottom:var(--wp--preset--spacing--20);padding-left:var(--wp--preset--spacing--50);box-shadow:none;font-style:normal;font-weight:700\">Mehr&#8230;<\/a><\/div>\n<\/div>\n<\/div>\n<\/div>\n<\/div>\n<\/div>\n\n\n\n<div class=\"wp-block-group lk-values-steps lk-section has-global-padding is-layout-constrained wp-block-group-is-layout-constrained\">\n<h2 class=\"wp-block-heading\">Wie wir arbeiten<\/h2>\n\n\n\n<div class=\"wp-block-group lk-step-card has-global-padding is-layout-constrained wp-block-group-is-layout-constrained\">\n<p class=\"has-text-align-left lk-step-number\"> 01<\/p>\n\n\n\n<h2 class=\"wp-block-heading\">Zuh\u00f6ren<\/h2>\n\n\n\n<p>Wir beginnen mit dem Wichtigsten: Verst\u00e4ndnis.<br>Wir h\u00f6ren aufmerksam zu, fragen nach und schaffen einen sicheren Raum f\u00fcr alle Themen.<\/p>\n<\/div>\n\n\n\n<div class=\"wp-block-group lk-step-card has-global-padding is-layout-constrained wp-block-group-is-layout-constrained\">\n<p class=\"lk-step-number\"> 02<\/p>\n\n\n\n<h2 class=\"wp-block-heading\">Strukturiert erkl\u00e4ren<\/h2>\n\n\n\n<p>Wir machen Komplexes klar.<br>Schritt f\u00fcr Schritt, ohne Fachw\u00f6rter, mit Beispielen aus dem Alltag.<\/p>\n<\/div>\n\n\n\n<div class=\"wp-block-group lk-step-card has-global-padding is-layout-constrained wp-block-group-is-layout-constrained\">\n<p class=\"lk-step-number\"> 03<\/p>\n\n\n\n<h2 class=\"wp-block-heading\">Entscheidungen einfach machen<\/h2>\n\n\n\n<p>Wir helfen dabei, Entscheidungen zu treffen, die wirklich passen.<br>Ohne Druck und ohne Eile \u2013 klar, logisch und nachvollziehbar.<\/p>\n<\/div>\n\n\n\n<div class=\"wp-block-group lk-step-card has-global-padding is-layout-constrained wp-block-group-is-layout-constrained\">\n<p class=\"lk-step-number\"> 04<\/p>\n\n\n\n<h2 class=\"wp-block-heading\">Langfristig begleiten<\/h2>\n\n\n\n<p>Vorsorge endet nicht mit der ersten Beratung.<br>Wir begleiten Menschen dauerhaft und passen Entscheidungen an, wenn sich das Leben ver\u00e4ndert.<\/p>\n<\/div>\n<\/div>\n\n\n\n<div class=\"wp-block-group lk-values-cta lk-section has-global-padding is-layout-constrained wp-block-group-is-layout-constrained\">\n<h3 class=\"wp-block-heading\">Unsere Werte passen zu Ihnen?<\/h3>\n\n\n\n<p>Dann lassen Sie uns gemeinsam herausfinden, wie wir Sie unterst\u00fctzen k\u00f6nnen.<br>Ob erste Fragen oder konkrete Vorsorge \u2013 wir sind f\u00fcr Sie da.<\/p>\n\n\n\n<div class=\"wp-block-buttons is-content-justification-center is-layout-flex wp-container-core-buttons-is-layout-a89b3969 wp-block-buttons-is-layout-flex\">\n<div class=\"wp-block-button\"><a class=\"wp-block-button__link has-background wp-element-button\" href=\"https:\/\/dem-projects.fh-joanneum.at\/dem1\/kontakt\/\" style=\"background-color:#3a8785\">Kontakt aufnehmen&#8230;<\/a><\/div>\n<\/div>\n<\/div>\n","protected":false},"excerpt":{"rendered":"<p>Wof\u00fcr wir stehen Wir helfen Menschen, digitale Entscheidungen ruhig und klar zu treffen. In einer Welt voller Accounts, Daten und digitaler Verpflichtungen schaffen wir Orientierung.Wir erkl\u00e4ren verst\u00e4ndlich, unterst\u00fctzen einf\u00fchlsam und sorgen daf\u00fcr, dass digitale Nachl\u00e4sse rechtzeitig, sicher und menschlich geregelt werden. Mission &amp; Vision Wir glauben, dass digitale Vorsorge f\u00fcr alle zug\u00e4nglich, klar und vertrauensvoll [&hellip;]<\/p>\n","protected":false},"author":1,"featured_media":0,"parent":0,"menu_order":0,"comment_status":"closed","ping_status":"closed","template":"page-no-title","meta":{"footnotes":""},"class_list":["post-98","page","type-page","status-publish","hentry"],"_links":{"self":[{"href":"https:\/\/dem-projects.fh-joanneum.at\/dem1\/wp-json\/wp\/v2\/pages\/98","targetHints":{"allow":["GET"]}}],"collection":[{"href":"https:\/\/dem-projects.fh-joanneum.at\/dem1\/wp-json\/wp\/v2\/pages"}],"about":[{"href":"https:\/\/dem-projects.fh-joanneum.at\/dem1\/wp-json\/wp\/v2\/types\/page"}],"author":[{"embeddable":true,"href":"https:\/\/dem-projects.fh-joanneum.at\/dem1\/wp-json\/wp\/v2\/users\/1"}],"replies":[{"embeddable":true,"href":"https:\/\/dem-projects.fh-joanneum.at\/dem1\/wp-json\/wp\/v2\/comments?post=98"}],"version-history":[{"count":33,"href":"https:\/\/dem-projects.fh-joanneum.at\/dem1\/wp-json\/wp\/v2\/pages\/98\/revisions"}],"predecessor-version":[{"id":481,"href":"https:\/\/dem-projects.fh-joanneum.at\/dem1\/wp-json\/wp\/v2\/pages\/98\/revisions\/481"}],"wp:attachment":[{"href":"https:\/\/dem-projects.fh-joanneum.at\/dem1\/wp-json\/wp\/v2\/media?parent=98"}],"curies":[{"name":"wp","href":"https:\/\/api.w.org\/{rel}","templated":true}]}}