{"id":6,"date":"2025-10-21T16:47:00","date_gmt":"2025-10-21T16:47:00","guid":{"rendered":"https:\/\/dem-projects.fh-joanneum.at\/dem2\/?page_id=6"},"modified":"2026-01-17T15:26:19","modified_gmt":"2026-01-17T15:26:19","slug":"impressum","status":"publish","type":"page","link":"https:\/\/dem-projects.fh-joanneum.at\/dem2\/impressum\/","title":{"rendered":"Impressum"},"content":{"rendered":"\n<h3 class=\"wp-block-heading\" id=\"diensteanbieter-medieninhaber\"><strong>EconoView<\/strong>&nbsp;\u2013 Web-App \/ Prototyp (Studienprojekt)<\/h3>\n\n\n\n<h3 class=\"wp-block-heading\" id=\"diensteanbieter-medieninhaber-1\">Diensteanbieter \/ Medieninhaber<\/h3>\n\n\n\n<p><strong>Team EconoView<\/strong>&nbsp;<br>c\/o&nbsp;<strong>Digital Entrepreneurship and Innovation, FH Joanneum<\/strong> <\/p>\n\n\n\n<h3 class=\"wp-block-heading\" id=\"kontakt\">Kontakt<\/h3>\n\n\n\n<p>E-Mail:&nbsp;econoview00@gmail.com<\/p>\n\n\n\n<h3 class=\"wp-block-heading\" id=\"projektstatus-zweck\">Projektstatus \/ Zweck<\/h3>\n\n\n\n<p>EconoView ist ein&nbsp;<strong>nicht \u00f6ffentlich zug\u00e4nglicher Prototyp<\/strong>&nbsp;im Rahmen eines&nbsp;<strong>Studienprojekts<\/strong>.<br>Es handelt sich&nbsp;<strong>nicht<\/strong>&nbsp;um ein kommerzielles Angebot. Es werden&nbsp;<strong>keine entgeltlichen Leistungen<\/strong>&nbsp;angeboten und&nbsp;<strong>keine Vertr\u00e4ge<\/strong>&nbsp;mit Nutzer:innen geschlossen.<\/p>\n\n\n\n<h3 class=\"wp-block-heading\" id=\"unternehmensangaben\">Unternehmensangaben<\/h3>\n\n\n\n<p>Dieses Projekt wird von einer Gruppe im Rahmen eines Studienprojekts betrieben.<br><strong>Keine Firmenbucheintragung<\/strong>,&nbsp;<strong>keine UID-Nummer<\/strong>.<\/p>\n\n\n\n<h3 class=\"wp-block-heading\" id=\"verantwortlich-fur-den-inhalt\">Verantwortlich f\u00fcr den Inhalt<\/h3>\n\n\n\n<p><strong>Digital Entrepreneurship and Innovation, FH Joanneum<\/strong> <br>Kontakt:&nbsp;<strong>econoview00@gmail.com<\/strong><\/p>\n\n\n\n<h3 class=\"wp-block-heading\" id=\"haftungsausschluss\">Haftungsausschluss<\/h3>\n\n\n\n<p>Die Inhalte und bereitgestellten Funktionen dienen ausschlie\u00dflich der&nbsp;<strong>Demonstration<\/strong>&nbsp;im Studienkontext.<br>Es wird keine Gew\u00e4hr f\u00fcr&nbsp;<strong>Richtigkeit, Vollst\u00e4ndigkeit und Aktualit\u00e4t<\/strong>&nbsp;\u00fcbernommen.<br>Bei Verlinkungen auf externe Seiten wird keine Haftung f\u00fcr deren Inhalte \u00fcbernommen.<\/p>\n\n\n\n<p><\/p>\n","protected":false},"excerpt":{"rendered":"<p>EconoView&nbsp;\u2013 Web-App \/ Prototyp (Studienprojekt) Diensteanbieter \/ Medieninhaber Team EconoView&nbsp;c\/o&nbsp;Digital Entrepreneurship and Innovation, FH Joanneum Kontakt E-Mail:&nbsp;econoview00@gmail.com Projektstatus \/ Zweck EconoView ist ein&nbsp;nicht \u00f6ffentlich zug\u00e4nglicher Prototyp&nbsp;im Rahmen eines&nbsp;Studienprojekts.Es handelt sich&nbsp;nicht&nbsp;um ein kommerzielles Angebot. Es werden&nbsp;keine entgeltlichen Leistungen&nbsp;angeboten und&nbsp;keine Vertr\u00e4ge&nbsp;mit Nutzer:innen geschlossen. Unternehmensangaben Dieses Projekt wird von einer Gruppe im Rahmen eines Studienprojekts betrieben.Keine Firmenbucheintragung,&nbsp;keine UID-Nummer. [&hellip;]<\/p>\n","protected":false},"author":3,"featured_media":0,"parent":0,"menu_order":0,"comment_status":"closed","ping_status":"closed","template":"","meta":{"zakra_page_container_layout":"customizer","zakra_page_sidebar_layout":"customizer","zakra_remove_content_margin":false,"zakra_sidebar":"customizer","zakra_transparent_header":"customizer","zakra_logo":0,"zakra_main_header_style":"default","zakra_menu_item_color":"","zakra_menu_item_hover_color":"","zakra_menu_item_active_color":"","zakra_menu_active_style":"","zakra_page_header":true,"_gspb_post_css":"","footnotes":""},"class_list":["post-6","page","type-page","status-publish","hentry"],"_links":{"self":[{"href":"https:\/\/dem-projects.fh-joanneum.at\/dem2\/wp-json\/wp\/v2\/pages\/6","targetHints":{"allow":["GET"]}}],"collection":[{"href":"https:\/\/dem-projects.fh-joanneum.at\/dem2\/wp-json\/wp\/v2\/pages"}],"about":[{"href":"https:\/\/dem-projects.fh-joanneum.at\/dem2\/wp-json\/wp\/v2\/types\/page"}],"author":[{"embeddable":true,"href":"https:\/\/dem-projects.fh-joanneum.at\/dem2\/wp-json\/wp\/v2\/users\/3"}],"replies":[{"embeddable":true,"href":"https:\/\/dem-projects.fh-joanneum.at\/dem2\/wp-json\/wp\/v2\/comments?post=6"}],"version-history":[{"count":4,"href":"https:\/\/dem-projects.fh-joanneum.at\/dem2\/wp-json\/wp\/v2\/pages\/6\/revisions"}],"predecessor-version":[{"id":822,"href":"https:\/\/dem-projects.fh-joanneum.at\/dem2\/wp-json\/wp\/v2\/pages\/6\/revisions\/822"}],"wp:attachment":[{"href":"https:\/\/dem-projects.fh-joanneum.at\/dem2\/wp-json\/wp\/v2\/media?parent=6"}],"curies":[{"name":"wp","href":"https:\/\/api.w.org\/{rel}","templated":true}]}}