{"id":2008,"date":"2025-11-29T11:29:37","date_gmt":"2025-11-29T11:29:37","guid":{"rendered":"https:\/\/dem-projects.fh-joanneum.at\/dem3\/?page_id=2008"},"modified":"2026-01-25T18:29:09","modified_gmt":"2026-01-25T18:29:09","slug":"kontakt","status":"publish","type":"page","link":"https:\/\/dem-projects.fh-joanneum.at\/dem3\/de\/kontakt\/","title":{"rendered":"Kontakt"},"content":{"rendered":"<style>.elementor-2008 .elementor-element.elementor-element-7f53c15{--display:flex;--flex-direction:column;--container-widget-width:100%;--container-widget-height:initial;--container-widget-flex-grow:0;--container-widget-align-self:initial;--flex-wrap-mobile:wrap;--justify-content:center;--margin-top:175px;--margin-bottom:88px;--margin-left:0px;--margin-right:0px;}.elementor-2008 .elementor-element.elementor-element-f7f3e56{--display:flex;}.elementor-widget-heading .elementor-heading-title{font-family:var( --e-global-typography-primary-font-family ), Sans-serif;font-size:var( --e-global-typography-primary-font-size );font-weight:var( --e-global-typography-primary-font-weight );color:var( --e-global-color-primary );}.elementor-2008 .elementor-element.elementor-element-a66852d .elementor-heading-title{font-family:\"Schoolbell\", Sans-serif;font-size:42px;font-weight:600;color:var( --e-global-color-text );}.elementor-2008 .elementor-element.elementor-element-b8596d9{--display:flex;--padding-top:0px;--padding-bottom:40px;--padding-left:0px;--padding-right:0px;}.elementor-2008 .elementor-element.elementor-element-b8596d9:not(.elementor-motion-effects-element-type-background), .elementor-2008 .elementor-element.elementor-element-b8596d9 > .elementor-motion-effects-container > .elementor-motion-effects-layer{background-image:url(\"https:\/\/dem-projects.fh-joanneum.at\/dem3\/wp-content\/uploads\/2025\/11\/Element-13.svg\");background-position:top left;background-repeat:no-repeat;background-size:65% auto;}.elementor-2008 .elementor-element.elementor-element-51d4bf1{--display:flex;--flex-direction:column;--container-widget-width:100%;--container-widget-height:initial;--container-widget-flex-grow:0;--container-widget-align-self:initial;--flex-wrap-mobile:wrap;--padding-top:48px;--padding-bottom:32px;--padding-left:0px;--padding-right:0px;}.elementor-2008 .elementor-element.elementor-element-bc394fb{text-align:center;}.elementor-2008 .elementor-element.elementor-element-bc394fb .elementor-heading-title{font-family:\"Schoolbell\", Sans-serif;font-size:36px;font-weight:600;color:var( --e-global-color-text );}.elementor-widget-text-editor{font-family:var( --e-global-typography-text-font-family ), Sans-serif;font-size:var( --e-global-typography-text-font-size );font-weight:var( --e-global-typography-text-font-weight );line-height:var( --e-global-typography-text-line-height );color:var( --e-global-color-text );}.elementor-widget-text-editor.elementor-drop-cap-view-stacked .elementor-drop-cap{background-color:var( --e-global-color-primary );}.elementor-widget-text-editor.elementor-drop-cap-view-framed .elementor-drop-cap, .elementor-widget-text-editor.elementor-drop-cap-view-default .elementor-drop-cap{color:var( --e-global-color-primary );border-color:var( --e-global-color-primary );}.elementor-2008 .elementor-element.elementor-element-9d9ffd3{text-align:center;padding:0px 0px 0px 0px;}.elementor-2008 .elementor-element.elementor-element-9d9ffd3 p{margin-block-end:0px;}.elementor-2008 .elementor-element.elementor-element-7043e17 .jeg-elementor-kit.jkit-contact-form-7{text-align:center;background-color:var( --e-global-color-transparent );}.elementor-2008 .elementor-element.elementor-element-7043e17 .jeg-elementor-kit.jkit-contact-form-7 form label{text-align:left;margin:0px 0px 0px 0px;max-width:100%;}.elementor-2008 .elementor-element.elementor-element-7043e17 .jeg-elementor-kit.jkit-contact-form-7 form input:not([type=submit]):not([type=checkbox]):not([type=radio]), .elementor-2008 .elementor-element.elementor-element-7043e17 .jeg-elementor-kit.jkit-contact-form-7 form select{height:50px;}.elementor-2008 .elementor-element.elementor-element-7043e17 .jeg-elementor-kit.jkit-contact-form-7 form textarea{height:150px;}.elementor-2008 .elementor-element.elementor-element-7043e17 .jeg-elementor-kit.jkit-contact-form-7 form input:not([type=submit]):not([type=checkbox]):not([type=radio]), .elementor-2008 .elementor-element.elementor-element-7043e17 .jeg-elementor-kit.jkit-contact-form-7 form textarea, .elementor-2008 .elementor-element.elementor-element-7043e17 .jeg-elementor-kit.jkit-contact-form-7 form select{background-color:var( --e-global-color-background );border-radius:2px 2px 2px 2px;border-style:solid;}.elementor-2008 .elementor-element.elementor-element-7043e17 .jeg-elementor-kit.jkit-contact-form-7 form input:not([type=submit]):not([type=checkbox]):not([type=radio])::placeholder, .elementor-2008 .elementor-element.elementor-element-7043e17 .jeg-elementor-kit.jkit-contact-form-7 form textarea::placeholder, .elementor-2008 .elementor-element.elementor-element-7043e17 .jeg-elementor-kit.jkit-contact-form-7 form select::placeholder{font-size:14px;}.elementor-2008 .elementor-element.elementor-element-7043e17 .jeg-elementor-kit.jkit-contact-form-7 form input[type=submit]{border-radius:0px 0px 0px 0px;color:var( --e-global-color-text );background-color:var( --e-global-color-transparent );border-style:solid;border-width:2px 2px 2px 2px;border-color:var( --e-global-color-text );}.elementor-2008 .elementor-element.elementor-element-7043e17 .jeg-elementor-kit.jkit-contact-form-7 form input[type=submit]:hover{color:var( --e-global-color-d0b2a04 );border-style:solid;border-width:2px 2px 2px 2px;border-color:var( --e-global-color-d0b2a04 );}.elementor-2008 .elementor-element.elementor-element-7043e17{margin:0% 020% calc(var(--kit-widget-spacing, 0px) + 0%) 20%;padding:24px 0px 0px 0px;}.elementor-2008 .elementor-element.elementor-element-8bd2fb3{--display:flex;--flex-direction:column;--container-widget-width:100%;--container-widget-height:initial;--container-widget-flex-grow:0;--container-widget-align-self:initial;--flex-wrap-mobile:wrap;--padding-top:48px;--padding-bottom:88px;--padding-left:0px;--padding-right:0px;}.elementor-2008 .elementor-element.elementor-element-875fdef{text-align:center;}.elementor-2008 .elementor-element.elementor-element-875fdef .elementor-heading-title{font-family:\"Schoolbell\", Sans-serif;font-size:36px;font-weight:600;color:var( --e-global-color-text );}.elementor-2008 .elementor-element.elementor-element-8b2cbf0{text-align:center;padding:0px 0px 0px 0px;}.elementor-2008 .elementor-element.elementor-element-8b2cbf0 p{margin-block-end:0px;}.elementor-2008 .elementor-element.elementor-element-892e130 .jeg-elementor-kit.jkit-contact-form-7{text-align:center;background-color:var( --e-global-color-transparent );}.elementor-2008 .elementor-element.elementor-element-892e130 .jeg-elementor-kit.jkit-contact-form-7 form label{text-align:left;margin:0px 0px 0px 0px;max-width:100%;}.elementor-2008 .elementor-element.elementor-element-892e130 .jeg-elementor-kit.jkit-contact-form-7 form input:not([type=submit]):not([type=checkbox]):not([type=radio]), .elementor-2008 .elementor-element.elementor-element-892e130 .jeg-elementor-kit.jkit-contact-form-7 form select{height:50px;}.elementor-2008 .elementor-element.elementor-element-892e130 .jeg-elementor-kit.jkit-contact-form-7 form textarea{height:150px;}.elementor-2008 .elementor-element.elementor-element-892e130 .jeg-elementor-kit.jkit-contact-form-7 form input:not([type=submit]):not([type=checkbox]):not([type=radio]), .elementor-2008 .elementor-element.elementor-element-892e130 .jeg-elementor-kit.jkit-contact-form-7 form textarea, .elementor-2008 .elementor-element.elementor-element-892e130 .jeg-elementor-kit.jkit-contact-form-7 form select{background-color:var( --e-global-color-background );border-radius:2px 2px 2px 2px;border-style:solid;}.elementor-2008 .elementor-element.elementor-element-892e130 .jeg-elementor-kit.jkit-contact-form-7 form input:not([type=submit]):not([type=checkbox]):not([type=radio])::placeholder, .elementor-2008 .elementor-element.elementor-element-892e130 .jeg-elementor-kit.jkit-contact-form-7 form textarea::placeholder, .elementor-2008 .elementor-element.elementor-element-892e130 .jeg-elementor-kit.jkit-contact-form-7 form select::placeholder{font-size:14px;}.elementor-2008 .elementor-element.elementor-element-892e130 .jeg-elementor-kit.jkit-contact-form-7 form input[type=submit]{border-radius:0px 0px 0px 0px;color:var( --e-global-color-text );background-color:var( --e-global-color-transparent );border-style:solid;border-width:2px 2px 2px 2px;border-color:var( --e-global-color-text );}.elementor-2008 .elementor-element.elementor-element-892e130 .jeg-elementor-kit.jkit-contact-form-7 form input[type=submit]:hover{color:var( --e-global-color-d0b2a04 );border-style:solid;border-width:2px 2px 2px 2px;border-color:var( --e-global-color-d0b2a04 );}.elementor-2008 .elementor-element.elementor-element-892e130{margin:0% 020% calc(var(--kit-widget-spacing, 0px) + 0%) 20%;padding:24px 0px 0px 0px;}@media(max-width:1024px){.elementor-widget-heading .elementor-heading-title{font-size:var( --e-global-typography-primary-font-size );}.elementor-2008 .elementor-element.elementor-element-a66852d .elementor-heading-title{font-size:22px;}.elementor-2008 .elementor-element.elementor-element-bc394fb .elementor-heading-title{font-size:22px;}.elementor-widget-text-editor{font-size:var( --e-global-typography-text-font-size );line-height:var( --e-global-typography-text-line-height );}.elementor-2008 .elementor-element.elementor-element-875fdef .elementor-heading-title{font-size:22px;}}@media(min-width:768px){.elementor-2008 .elementor-element.elementor-element-7f53c15{--content-width:70%;}.elementor-2008 .elementor-element.elementor-element-b8596d9{--width:60%;}}@media(max-width:767px){.elementor-2008 .elementor-element.elementor-element-7f53c15{--margin-top:126px;--margin-bottom:40px;--margin-left:0px;--margin-right:0px;}.elementor-2008 .elementor-element.elementor-element-f7f3e56{--width:90%;}.elementor-widget-heading .elementor-heading-title{font-size:var( --e-global-typography-primary-font-size );}.elementor-2008 .elementor-element.elementor-element-a66852d .elementor-heading-title{font-size:18px;}.elementor-2008 .elementor-element.elementor-element-b8596d9{--min-height:2vh;--margin-top:0px;--margin-bottom:0px;--margin-left:0px;--margin-right:0px;--padding-top:24px;--padding-bottom:0px;--padding-left:0px;--padding-right:0px;}.elementor-2008 .elementor-element.elementor-element-b8596d9:not(.elementor-motion-effects-element-type-background), .elementor-2008 .elementor-element.elementor-element-b8596d9 > .elementor-motion-effects-container > .elementor-motion-effects-layer{background-image:url(\"https:\/\/dem-projects.fh-joanneum.at\/dem3\/wp-content\/uploads\/2025\/11\/Element-13.svg\");background-size:270px auto;}.elementor-2008 .elementor-element.elementor-element-51d4bf1{--content-width:80%;}.elementor-2008 .elementor-element.elementor-element-bc394fb .elementor-heading-title{font-size:18px;}.elementor-widget-text-editor{font-size:var( --e-global-typography-text-font-size );line-height:var( --e-global-typography-text-line-height );}.elementor-2008 .elementor-element.elementor-element-8bd2fb3{--content-width:80%;}.elementor-2008 .elementor-element.elementor-element-875fdef .elementor-heading-title{font-size:18px;}}<\/style>\t\t<div data-elementor-type=\"wp-page\" data-elementor-id=\"2008\" class=\"elementor elementor-2008\" data-elementor-post-type=\"page\">\n\t\t\t\t<div class=\"elementor-element elementor-element-7f53c15 e-flex e-con-boxed e-con e-parent\" data-id=\"7f53c15\" data-element_type=\"container\" data-e-type=\"container\">\n\t\t\t\t\t<div class=\"e-con-inner\">\n\t\t<div class=\"elementor-element elementor-element-f7f3e56 e-con-full e-flex e-con e-child\" data-id=\"f7f3e56\" data-element_type=\"container\" data-e-type=\"container\">\n\t\t\t\t<div class=\"elementor-element elementor-element-a66852d elementor-widget elementor-widget-heading\" data-id=\"a66852d\" data-element_type=\"widget\" data-e-type=\"widget\" data-widget_type=\"heading.default\">\n\t\t\t\t\t<h1 class=\"elementor-heading-title elementor-size-default\">Kontaktiere uns<\/h1>\t\t\t\t<\/div>\n\t\t\t\t<\/div>\n\t\t<div class=\"elementor-element elementor-element-b8596d9 e-con-full e-flex e-con e-child\" data-id=\"b8596d9\" data-element_type=\"container\" data-e-type=\"container\" data-settings=\"{&quot;background_background&quot;:&quot;classic&quot;}\">\n\t\t\t\t<\/div>\n\t\t\t\t\t<\/div>\n\t\t\t\t<\/div>\n\t\t<div class=\"elementor-element elementor-element-51d4bf1 e-flex e-con-boxed e-con e-parent\" data-id=\"51d4bf1\" data-element_type=\"container\" data-e-type=\"container\">\n\t\t\t\t\t<div class=\"e-con-inner\">\n\t\t\t\t<div class=\"elementor-element elementor-element-bc394fb elementor-widget elementor-widget-heading\" data-id=\"bc394fb\" data-element_type=\"widget\" data-e-type=\"widget\" data-widget_type=\"heading.default\">\n\t\t\t\t\t<h2 class=\"elementor-heading-title elementor-size-default\">Meldet euch<\/h2>\t\t\t\t<\/div>\n\t\t\t\t<div class=\"elementor-element elementor-element-9d9ffd3 elementor-widget elementor-widget-text-editor\" data-id=\"9d9ffd3\" data-element_type=\"widget\" data-e-type=\"widget\" data-widget_type=\"text-editor.default\">\n\t\t\t\t\t\t\t\t\t<p>Egal, ob Sie Fragen, Anregungen haben oder Hilfe beim Einstieg ben\u00f6tigen &#8211; wir sind f\u00fcr Sie da.<\/p>\t\t\t\t\t\t\t\t<\/div>\n\t\t\t\t<div class=\"elementor-element elementor-element-7043e17 elementor-widget elementor-widget-jkit_contact_form_7\" data-id=\"7043e17\" data-element_type=\"widget\" data-e-type=\"widget\" data-widget_type=\"jkit_contact_form_7.default\">\n\t\t\t\t\t<div  class=\"jeg-elementor-kit jkit-contact-form-7 jeg_module___69e9b5bd8f802\" >\n<div class=\"wpcf7 no-js\" id=\"wpcf7-f1195-o1\" lang=\"\" dir=\"ltr\" data-wpcf7-id=\"1195\">\n<div class=\"screen-reader-response\"><p role=\"status\" aria-live=\"polite\" aria-atomic=\"true\"><\/p> <ul><\/ul><\/div>\n<form action=\"\/dem3\/wp-json\/wp\/v2\/pages\/2008#wpcf7-f1195-o1\" method=\"post\" class=\"wpcf7-form init\" aria-label=\"Contact form\" novalidate=\"novalidate\" data-status=\"init\">\n<fieldset class=\"hidden-fields-container\"><input type=\"hidden\" name=\"_wpcf7\" value=\"1195\" \/><input type=\"hidden\" name=\"_wpcf7_version\" value=\"6.1.5\" \/><input type=\"hidden\" name=\"_wpcf7_locale\" value=\"\" \/><input type=\"hidden\" name=\"_wpcf7_unit_tag\" value=\"wpcf7-f1195-o1\" \/><input type=\"hidden\" name=\"_wpcf7_container_post\" value=\"0\" \/><input type=\"hidden\" name=\"_wpcf7_posted_data_hash\" value=\"\" \/>\n<\/fieldset>\n<p><label> Your name<br \/>\n<span class=\"wpcf7-form-control-wrap\" data-name=\"your-name\"><input size=\"40\" maxlength=\"400\" class=\"wpcf7-form-control wpcf7-text wpcf7-validates-as-required\" autocomplete=\"name\" aria-required=\"true\" aria-invalid=\"false\" value=\"\" type=\"text\" name=\"your-name\" \/><\/span> <\/label>\n<\/p>\n<p><label> Your email<br \/>\n<span class=\"wpcf7-form-control-wrap\" data-name=\"your-email\"><input size=\"40\" maxlength=\"400\" class=\"wpcf7-form-control wpcf7-email wpcf7-validates-as-required wpcf7-text wpcf7-validates-as-email\" autocomplete=\"email\" aria-required=\"true\" aria-invalid=\"false\" value=\"\" type=\"email\" name=\"your-email\" \/><\/span> <\/label>\n<\/p>\n<p><span class=\"wpcf7-form-control-wrap\" data-name=\"What\"><select class=\"wpcf7-form-control wpcf7-select wpcf7-validates-as-required\" aria-required=\"true\" aria-invalid=\"false\" name=\"What\"><option value=\"Application Help\">Application Help<\/option><option value=\"Visa Questions\">Visa Questions<\/option><option value=\"Document Guidance\">Document Guidance<\/option><option value=\"Housing &amp; Arrival\">Housing &amp; Arrival<\/option><option value=\"Other\">Other<\/option><\/select><\/span>\n<\/p>\n<p><label> Your message<br \/>\n<span class=\"wpcf7-form-control-wrap\" data-name=\"your-message\"><textarea cols=\"40\" rows=\"10\" maxlength=\"2000\" class=\"wpcf7-form-control wpcf7-textarea wpcf7-validates-as-required\" aria-required=\"true\" aria-invalid=\"false\" name=\"your-message\"><\/textarea><\/span> <\/label>\n<\/p>\n<p><input class=\"wpcf7-form-control wpcf7-submit has-spinner\" type=\"submit\" value=\"Submit\" \/>\n<\/p><p style=\"display: none !important;\" class=\"akismet-fields-container\" data-prefix=\"_wpcf7_ak_\"><label>&#916;<textarea name=\"_wpcf7_ak_hp_textarea\" cols=\"45\" rows=\"8\" maxlength=\"100\"><\/textarea><\/label><input type=\"hidden\" id=\"ak_js_1\" name=\"_wpcf7_ak_js\" value=\"55\"\/><script>document.getElementById( \"ak_js_1\" ).setAttribute( \"value\", ( new Date() ).getTime() );<\/script><\/p><div class=\"wpcf7-response-output\" aria-hidden=\"true\"><\/div>\n<\/form>\n<\/div>\n<\/div>\t\t\t\t<\/div>\n\t\t\t\t\t<\/div>\n\t\t\t\t<\/div>\n\t\t<div class=\"elementor-element elementor-element-8bd2fb3 e-flex e-con-boxed e-con e-parent\" data-id=\"8bd2fb3\" data-element_type=\"container\" data-e-type=\"container\">\n\t\t\t\t\t<div class=\"e-con-inner\">\n\t\t\t\t<div class=\"elementor-element elementor-element-875fdef elementor-widget elementor-widget-heading\" data-id=\"875fdef\" data-element_type=\"widget\" data-e-type=\"widget\" data-widget_type=\"heading.default\">\n\t\t\t\t\t<h2 class=\"elementor-heading-title elementor-size-default\">Partner- und Kooperationsanfragen<\/h2>\t\t\t\t<\/div>\n\t\t\t\t<div class=\"elementor-element elementor-element-8b2cbf0 elementor-widget elementor-widget-text-editor\" data-id=\"8b2cbf0\" data-element_type=\"widget\" data-e-type=\"widget\" data-widget_type=\"text-editor.default\">\n\t\t\t\t\t\t\t\t\t<p>Sind Sie eine Universit\u00e4t, Organisation oder ein Unternehmen, das an der Arbeit mit Ziegen interessiert ist? Wir w\u00fcrden gerne von Ihnen h\u00f6ren.<\/p>\t\t\t\t\t\t\t\t<\/div>\n\t\t\t\t<div class=\"elementor-element elementor-element-892e130 elementor-widget elementor-widget-jkit_contact_form_7\" data-id=\"892e130\" data-element_type=\"widget\" data-e-type=\"widget\" data-widget_type=\"jkit_contact_form_7.default\">\n\t\t\t\t\t<div  class=\"jeg-elementor-kit jkit-contact-form-7 jeg_module__1_69e9b5bd96710\" >\n<div class=\"wpcf7 no-js\" id=\"wpcf7-f1866-o2\" lang=\"\" dir=\"ltr\" data-wpcf7-id=\"1866\">\n<div class=\"screen-reader-response\"><p role=\"status\" aria-live=\"polite\" aria-atomic=\"true\"><\/p> <ul><\/ul><\/div>\n<form action=\"\/dem3\/wp-json\/wp\/v2\/pages\/2008#wpcf7-f1866-o2\" method=\"post\" class=\"wpcf7-form init\" aria-label=\"Contact form\" novalidate=\"novalidate\" data-status=\"init\">\n<fieldset class=\"hidden-fields-container\"><input type=\"hidden\" name=\"_wpcf7\" value=\"1866\" \/><input type=\"hidden\" name=\"_wpcf7_version\" value=\"6.1.5\" \/><input type=\"hidden\" name=\"_wpcf7_locale\" value=\"\" \/><input type=\"hidden\" name=\"_wpcf7_unit_tag\" value=\"wpcf7-f1866-o2\" \/><input type=\"hidden\" name=\"_wpcf7_container_post\" value=\"0\" \/><input type=\"hidden\" name=\"_wpcf7_posted_data_hash\" value=\"\" \/>\n<\/fieldset>\n<p><label> Organization \/ Company Name<br \/>\n<span class=\"wpcf7-form-control-wrap\" data-name=\"Organization\"><input size=\"40\" maxlength=\"400\" class=\"wpcf7-form-control wpcf7-text wpcf7-validates-as-required\" autocomplete=\"organization\" aria-required=\"true\" aria-invalid=\"false\" value=\"\" type=\"text\" name=\"Organization\" \/><\/span> <\/label>\n<\/p>\n<p><label> Contact Person<br \/>\n<span class=\"wpcf7-form-control-wrap\" data-name=\"your-name\"><input size=\"40\" maxlength=\"400\" class=\"wpcf7-form-control wpcf7-text wpcf7-validates-as-required\" autocomplete=\"name\" aria-required=\"true\" aria-invalid=\"false\" value=\"\" type=\"text\" name=\"your-name\" \/><\/span> <\/label>\n<\/p>\n<p><label> Your email<br \/>\n<span class=\"wpcf7-form-control-wrap\" data-name=\"your-email\"><input size=\"40\" maxlength=\"400\" class=\"wpcf7-form-control wpcf7-email wpcf7-validates-as-required wpcf7-text wpcf7-validates-as-email\" autocomplete=\"email\" aria-required=\"true\" aria-invalid=\"false\" value=\"\" type=\"email\" name=\"your-email\" \/><\/span> <\/label>\n<\/p>\n<p><span class=\"wpcf7-form-control-wrap\" data-name=\"Type\"><select class=\"wpcf7-form-control wpcf7-select\" aria-invalid=\"false\" name=\"Type\"><option value=\"Student Support Cooperation\">Student Support Cooperation<\/option><option value=\"Content Partnership\">Content Partnership<\/option><option value=\"Workshops \/ Events\">Workshops \/ Events<\/option><option value=\"Research\">Research<\/option><option value=\"Other\">Other<\/option><\/select><\/span>\n<\/p>\n<p><label> Message<br \/>\n<span class=\"wpcf7-form-control-wrap\" data-name=\"your-message\"><textarea cols=\"40\" rows=\"10\" maxlength=\"2000\" class=\"wpcf7-form-control wpcf7-textarea wpcf7-validates-as-required\" aria-required=\"true\" aria-invalid=\"false\" name=\"your-message\"><\/textarea><\/span> <\/label>\n<\/p>\n<p><input class=\"wpcf7-form-control wpcf7-submit has-spinner\" type=\"submit\" value=\"Submit\" \/>\n<\/p><p style=\"display: none !important;\" class=\"akismet-fields-container\" data-prefix=\"_wpcf7_ak_\"><label>&#916;<textarea name=\"_wpcf7_ak_hp_textarea\" cols=\"45\" rows=\"8\" maxlength=\"100\"><\/textarea><\/label><input type=\"hidden\" id=\"ak_js_2\" name=\"_wpcf7_ak_js\" value=\"164\"\/><script>document.getElementById( \"ak_js_2\" ).setAttribute( \"value\", ( new Date() ).getTime() );<\/script><\/p><div class=\"wpcf7-response-output\" aria-hidden=\"true\"><\/div>\n<\/form>\n<\/div>\n<\/div>\t\t\t\t<\/div>\n\t\t\t\t\t<\/div>\n\t\t\t\t<\/div>\n\t\t\t\t<\/div>\n\t\t","protected":false},"excerpt":{"rendered":"<p>Kontaktiere uns Meldet euch Egal, ob Sie Fragen, Anregungen haben oder Hilfe beim Einstieg ben\u00f6tigen &#8211; wir sind f\u00fcr Sie da. Your name Your email Application HelpVisa QuestionsDocument GuidanceHousing &amp; ArrivalOther Your message Partner- und Kooperationsanfragen Sind Sie eine Universit\u00e4t, Organisation oder ein Unternehmen, das an der Arbeit mit Ziegen interessiert ist? Wir w\u00fcrden gerne [&hellip;]<\/p>\n","protected":false},"author":3,"featured_media":0,"parent":0,"menu_order":0,"comment_status":"closed","ping_status":"closed","template":"","meta":{"footnotes":""},"class_list":["post-2008","page","type-page","status-publish","hentry"],"_links":{"self":[{"href":"https:\/\/dem-projects.fh-joanneum.at\/dem3\/wp-json\/wp\/v2\/pages\/2008","targetHints":{"allow":["GET"]}}],"collection":[{"href":"https:\/\/dem-projects.fh-joanneum.at\/dem3\/wp-json\/wp\/v2\/pages"}],"about":[{"href":"https:\/\/dem-projects.fh-joanneum.at\/dem3\/wp-json\/wp\/v2\/types\/page"}],"author":[{"embeddable":true,"href":"https:\/\/dem-projects.fh-joanneum.at\/dem3\/wp-json\/wp\/v2\/users\/3"}],"replies":[{"embeddable":true,"href":"https:\/\/dem-projects.fh-joanneum.at\/dem3\/wp-json\/wp\/v2\/comments?post=2008"}],"version-history":[{"count":0,"href":"https:\/\/dem-projects.fh-joanneum.at\/dem3\/wp-json\/wp\/v2\/pages\/2008\/revisions"}],"wp:attachment":[{"href":"https:\/\/dem-projects.fh-joanneum.at\/dem3\/wp-json\/wp\/v2\/media?parent=2008"}],"curies":[{"name":"wp","href":"https:\/\/api.w.org\/{rel}","templated":true}]}}