{"id":35,"date":"2025-11-16T13:54:51","date_gmt":"2025-11-16T13:54:51","guid":{"rendered":"https:\/\/dem-projects.fh-joanneum.at\/dem3\/imprint-impressum\/"},"modified":"2025-11-19T17:38:13","modified_gmt":"2025-11-19T17:38:13","slug":"imprint-impressum","status":"publish","type":"page","link":"https:\/\/dem-projects.fh-joanneum.at\/dem3\/imprint-impressum\/","title":{"rendered":"Impressum"},"content":{"rendered":"<style>.elementor-35 .elementor-element.elementor-element-15e42e7{--display:flex;}.elementor-widget-text-editor{font-family:var( --e-global-typography-text-font-family ), Sans-serif;font-size:var( --e-global-typography-text-font-size );font-weight:var( --e-global-typography-text-font-weight );line-height:var( --e-global-typography-text-line-height );color:var( --e-global-color-text );}.elementor-widget-text-editor.elementor-drop-cap-view-stacked .elementor-drop-cap{background-color:var( --e-global-color-primary );}.elementor-widget-text-editor.elementor-drop-cap-view-framed .elementor-drop-cap, .elementor-widget-text-editor.elementor-drop-cap-view-default .elementor-drop-cap{color:var( --e-global-color-primary );border-color:var( --e-global-color-primary );}.elementor-35 .elementor-element.elementor-element-fc6d6b9{margin:0154px 0px calc(var(--kit-widget-spacing, 0px) + 0px) 0px;}@media(min-width:768px){.elementor-35 .elementor-element.elementor-element-15e42e7{--content-width:80%;}}@media(max-width:1024px){.elementor-widget-text-editor{font-size:var( --e-global-typography-text-font-size );line-height:var( --e-global-typography-text-line-height );}}@media(max-width:767px){.elementor-widget-text-editor{font-size:var( --e-global-typography-text-font-size );line-height:var( --e-global-typography-text-line-height );}}<\/style>\t\t<div data-elementor-type=\"wp-page\" data-elementor-id=\"35\" class=\"elementor elementor-35\" data-elementor-post-type=\"page\">\n\t\t\t\t<div class=\"elementor-element elementor-element-15e42e7 e-flex e-con-boxed e-con e-parent\" data-id=\"15e42e7\" data-element_type=\"container\" data-e-type=\"container\">\n\t\t\t\t\t<div class=\"e-con-inner\">\n\t\t\t\t<div class=\"elementor-element elementor-element-fc6d6b9 elementor-widget elementor-widget-text-editor\" data-id=\"fc6d6b9\" data-element_type=\"widget\" data-e-type=\"widget\" data-widget_type=\"text-editor.default\">\n\t\t\t\t\t\t\t\t\t<h1 data-start=\"231\" data-end=\"246\"><strong data-start=\"233\" data-end=\"246\">Impressum<\/strong><\/h1><p data-start=\"248\" data-end=\"336\"><strong data-start=\"248\" data-end=\"280\">Medieninhaber &amp; Herausgeber:<\/strong><br data-start=\"280\" data-end=\"283\" \/><strong data-start=\"283\" data-end=\"296\">GoAT GmbH<\/strong><br data-start=\"296\" data-end=\"299\" \/>Eiergasse 13<br data-start=\"311\" data-end=\"314\" \/>8010 Graz<br data-start=\"323\" data-end=\"326\" \/>\u00d6sterreich<\/p><p data-start=\"338\" data-end=\"456\"><strong data-start=\"338\" data-end=\"350\">Kontakt:<\/strong><br data-start=\"350\" data-end=\"353\" \/>E-Mail: <a class=\"decorated-link cursor-pointer\" rel=\"noopener\" data-start=\"361\" data-end=\"381\">support@goat-app.com<\/a> <em data-start=\"382\" data-end=\"416\">(Platzhalter \u2014 kannst du \u00e4ndern)<\/em><br data-start=\"416\" data-end=\"419\" \/>Telefon: +43 660 0000000 <em data-start=\"444\" data-end=\"456\">(optional)<\/em><\/p><p data-start=\"458\" data-end=\"526\"><strong data-start=\"458\" data-end=\"479\">Unternehmensform:<\/strong><br data-start=\"479\" data-end=\"482\" \/>Gesellschaft mit beschr\u00e4nkter Haftung (GmbH)<\/p><p data-start=\"528\" data-end=\"562\"><strong data-start=\"528\" data-end=\"548\">Vertreten durch:<\/strong><br data-start=\"548\" data-end=\"551\" \/>Julian Mraz<\/p><p data-start=\"564\" data-end=\"646\"><strong data-start=\"564\" data-end=\"585\">Firmenbuchnummer:<\/strong><br data-start=\"585\" data-end=\"588\" \/>FN 000000a <em data-start=\"599\" data-end=\"646\">(Platzhalter \u2013 kannst du bei Bedarf anpassen)<\/em><\/p><p data-start=\"648\" data-end=\"713\"><strong data-start=\"648\" data-end=\"670\">Firmenbuchgericht:<\/strong><br data-start=\"670\" data-end=\"673\" \/>Landesgericht f\u00fcr Zivilrechtssachen Graz<\/p><p data-start=\"715\" data-end=\"785\"><strong data-start=\"715\" data-end=\"730\">UID-Nummer:<\/strong><br data-start=\"730\" data-end=\"733\" \/><strong data-start=\"733\" data-end=\"748\">ATU12345678<\/strong> <em data-start=\"749\" data-end=\"785\">(fiktive, korrekt formatierte UID)<\/em><\/p><p data-start=\"787\" data-end=\"879\"><strong data-start=\"787\" data-end=\"806\">Mitgliedschaft:<\/strong><br data-start=\"806\" data-end=\"809\" \/>Wirtschaftskammer \u00d6sterreich (WKO) <em data-start=\"844\" data-end=\"879\">(optional, aber meist zutreffend)<\/em><\/p><hr data-start=\"881\" data-end=\"884\" \/><h2 data-start=\"886\" data-end=\"920\"><strong data-start=\"889\" data-end=\"920\">Gegenstand des Unternehmens<\/strong><\/h2><p data-start=\"921\" data-end=\"1053\">Entwicklung und Betrieb einer digitalen Plattform zur Unterst\u00fctzung russischsprachiger Studierender beim Studienstart in \u00d6sterreich.<\/p><hr data-start=\"1055\" data-end=\"1058\" \/><h2 data-start=\"1060\" data-end=\"1085\"><strong data-start=\"1063\" data-end=\"1085\">Haftungsausschluss<\/strong><\/h2><p data-start=\"1086\" data-end=\"1269\">Trotz sorgf\u00e4ltiger inhaltlicher Kontrolle \u00fcbernehmen wir keine Haftung f\u00fcr Inhalte externer Links. F\u00fcr den Inhalt verlinkter Seiten sind ausschlie\u00dflich deren Betreiber verantwortlich.<\/p><hr data-start=\"1271\" data-end=\"1274\" \/><h2 data-start=\"1276\" data-end=\"1295\"><strong data-start=\"1279\" data-end=\"1295\">Urheberrecht<\/strong><\/h2><p data-start=\"1296\" data-end=\"1508\">Alle auf dieser Website bereitgestellten Inhalte (Texte, Bilder, Grafiken, Logos) unterliegen dem Urheberrecht. Jede Nutzung, Reproduktion oder Weitergabe ohne ausdr\u00fcckliche schriftliche Zustimmung ist untersagt.<\/p>\t\t\t\t\t\t\t\t<\/div>\n\t\t\t\t\t<\/div>\n\t\t\t\t<\/div>\n\t\t\t\t<\/div>\n\t\t","protected":false},"excerpt":{"rendered":"<p>Impressum Medieninhaber &amp; Herausgeber:GoAT GmbHEiergasse 138010 Graz\u00d6sterreich Kontakt:E-Mail: support@goat-app.com (Platzhalter \u2014 kannst du \u00e4ndern)Telefon: +43 660 0000000 (optional) Unternehmensform:Gesellschaft mit beschr\u00e4nkter Haftung (GmbH) Vertreten durch:Julian Mraz Firmenbuchnummer:FN 000000a (Platzhalter \u2013 kannst du bei Bedarf anpassen) Firmenbuchgericht:Landesgericht f\u00fcr Zivilrechtssachen Graz UID-Nummer:ATU12345678 (fiktive, korrekt formatierte UID) Mitgliedschaft:Wirtschaftskammer \u00d6sterreich (WKO) (optional, aber meist zutreffend) Gegenstand des Unternehmens Entwicklung [&hellip;]<\/p>\n","protected":false},"author":1,"featured_media":0,"parent":0,"menu_order":0,"comment_status":"closed","ping_status":"closed","template":"","meta":{"footnotes":""},"class_list":["post-35","page","type-page","status-publish","hentry"],"_links":{"self":[{"href":"https:\/\/dem-projects.fh-joanneum.at\/dem3\/wp-json\/wp\/v2\/pages\/35","targetHints":{"allow":["GET"]}}],"collection":[{"href":"https:\/\/dem-projects.fh-joanneum.at\/dem3\/wp-json\/wp\/v2\/pages"}],"about":[{"href":"https:\/\/dem-projects.fh-joanneum.at\/dem3\/wp-json\/wp\/v2\/types\/page"}],"author":[{"embeddable":true,"href":"https:\/\/dem-projects.fh-joanneum.at\/dem3\/wp-json\/wp\/v2\/users\/1"}],"replies":[{"embeddable":true,"href":"https:\/\/dem-projects.fh-joanneum.at\/dem3\/wp-json\/wp\/v2\/comments?post=35"}],"version-history":[{"count":0,"href":"https:\/\/dem-projects.fh-joanneum.at\/dem3\/wp-json\/wp\/v2\/pages\/35\/revisions"}],"wp:attachment":[{"href":"https:\/\/dem-projects.fh-joanneum.at\/dem3\/wp-json\/wp\/v2\/media?parent=35"}],"curies":[{"name":"wp","href":"https:\/\/api.w.org\/{rel}","templated":true}]}}